{"id":9292,"date":"2021-03-27T11:13:02","date_gmt":"2021-03-27T10:13:02","guid":{"rendered":"https:\/\/www.tauben-backs.de\/produkt\/bez-kategorii\/backs-glutabo-mit-elektrolyten\/"},"modified":"2026-04-24T13:39:58","modified_gmt":"2026-04-24T11:39:58","slug":"backs-glutabo-mit-elektrolyten","status":"publish","type":"product","link":"https:\/\/www.tauben-backs.de\/pl\/golebie\/naturalne-produkty-budulcowe-i-wzmacniajace\/backs-glutabo-mit-elektrolyten\/","title":{"rendered":"Backs Glutabo+ z elektrolitami"},"content":{"rendered":"","protected":false},"excerpt":{"rendered":"<p>to specjalnie dla go\u0142\u0119bi pocztowych spreparowany cukier gronowy, wzbogacony witaminami, pierwiastkami \u015bladowymi oraz elektrolitami. Glutabo jest wch\u0142aniane bezpo\u015brednio do krwi, dzi\u0119ki czemu wy\u015bmienicie nadaje si\u0119 do przyspieszenia regeneracji go\u0142\u0119bi powracaj\u0105cych z lotu. Dzi\u0119ki zawarto\u015bci witamin oraz pierwiastk\u00f3w \u015bladowych Glutabo nadaje si\u0119 r\u00f3wnie\u017c do szybkiego wyr\u00f3wnania niedobor\u00f3w podczas l\u0119g\u00f3w, sezonu lotowego oraz pierzenia. <\/p>\n<p>Backs Glutabo<br \/>\nMieszanka paszowa uzupe\u0142niaj\u0105ca dla go\u0142\u0119bi<\/p>\n<p>Sk\u0142ad: dekstroza, maltodekstryna, chlorek sodu, glukonian magnezu, chlorek potasu<\/p>\n<p>Sk\u0142adniki analityczne:<br \/>\n12,5 % Popi\u00f3\u0142 surowy, 2,8 % S\u00f3d, 0,5 % Oleje i t\u0142uszcze surowe, 0,2 % W\u0142\u00f3kno surowe, 0,1 % Bia\u0142ko surowe, 0 % Metionina, 0 % Lizyna<\/p>\n<p>Dodatki w 1 kg:<br \/>\nDodatki dietetyczne:<br \/>\n400000 j.m. witamina  A (3a672a)<br \/>\n  15000 j.m. witamina D3 (3a671)<br \/>\n      240 mg witamina E (3a700)<br \/>\n      400 mg witamina C (3a300)<br \/>\n      600 mg witamina B1 (3a820)<br \/>\n      600 mg witamina B2 jako ryboflawina<br \/>\n      400 mcg witamina B12 jako cyjanokobalamina<br \/>\n      120 mg witamina K3 (3a710)<br \/>\n        70 mg chlorek choliny (3a890)<br \/>\n   1.000 mg amid kwasu nikotynowego (3a315)<br \/>\n      400 mg Kwas pantotenowy (3a841)<br \/>\n        16 mg kwas foliowy (3a316)<br \/>\n   8.000 mg siarcczanu manganu II, monohydrat (3b503)<br \/>\n   8.000 mg siarczan cynku, monohydrat (3b605)<br \/>\n   4.000 mg \u017celazo w zwi\u0105zku siarczanu \u017celazawego (II), monowodnego (3b103)<br \/>\n      600 mg siarczanu miedzi (II), pentahydrat (3b405)<br \/>\n        20 mg Jodek potasu (3b201)<br \/>\ndodatki technologiczne:<br \/>\n    1750 mg Mleczan wapnia (E327)<\/p>\n<p>Instrukcje prawid\u0142owego stosowania:<br \/>\nGlutabo zawsze rozpuszcza si\u0119 w wodzie pitnej.<br \/>\nPo powrocie z lotu 1 p\u0142aska miarka na 1 litr.<br \/>\nW sezonie lotowym 2 razy w tygodniu.<br \/>\nLoty d\u0142ugie 3 razy w tygodniu.<br \/>\nW okresie chowu 1 raz w tygodniu.<br \/>\nW okresie pierzenia 2 razy w tygodniu.<br \/>\nW zimie 1 raz w tygodniu.<\/p>\n<p>Z powodu zwi\u0119kszonej, w por\u00f3wnaniu do czystej karmy, zawarto\u015bci witaminy oraz pierwiastk\u00f3w \u015bladowych w Glutabo, nie powinno si\u0119 skarmi\u0107 wi\u0119cej jak 1,5 % dziennej porcji karmy zwyk\u0142ej.<\/p>\n<p><strong>Przechowywa\u0107 w suchym, ch\u0142odnym miejscu! <\/p>\n<p>Ilo\u015b\u0107 netto: 500 g<\/strong><\/p>\n","protected":false},"featured_media":8346,"comment_status":"closed","ping_status":"closed","template":"","meta":[],"product_brand":[],"product_cat":[240,244],"product_tag":[],"class_list":{"0":"post-9292","1":"product","2":"type-product","3":"status-publish","4":"has-post-thumbnail","6":"product_cat-golebie","7":"product_cat-naturalne-produkty-budulcowe-i-wzmacniajace","9":"first","10":"instock","11":"shipping-taxable","12":"product-type-simple"},"_links":{"self":[{"href":"https:\/\/www.tauben-backs.de\/pl\/wp-json\/wp\/v2\/product\/9292","targetHints":{"allow":["GET"]}}],"collection":[{"href":"https:\/\/www.tauben-backs.de\/pl\/wp-json\/wp\/v2\/product"}],"about":[{"href":"https:\/\/www.tauben-backs.de\/pl\/wp-json\/wp\/v2\/types\/product"}],"replies":[{"embeddable":true,"href":"https:\/\/www.tauben-backs.de\/pl\/wp-json\/wp\/v2\/comments?post=9292"}],"wp:featuredmedia":[{"embeddable":true,"href":"https:\/\/www.tauben-backs.de\/pl\/wp-json\/wp\/v2\/media\/8346"}],"wp:attachment":[{"href":"https:\/\/www.tauben-backs.de\/pl\/wp-json\/wp\/v2\/media?parent=9292"}],"wp:term":[{"taxonomy":"product_brand","embeddable":true,"href":"https:\/\/www.tauben-backs.de\/pl\/wp-json\/wp\/v2\/product_brand?post=9292"},{"taxonomy":"product_cat","embeddable":true,"href":"https:\/\/www.tauben-backs.de\/pl\/wp-json\/wp\/v2\/product_cat?post=9292"},{"taxonomy":"product_tag","embeddable":true,"href":"https:\/\/www.tauben-backs.de\/pl\/wp-json\/wp\/v2\/product_tag?post=9292"}],"curies":[{"name":"wp","href":"https:\/\/api.w.org\/{rel}","templated":true}]}}