{"id":9269,"date":"2021-03-22T14:58:45","date_gmt":"2021-03-22T13:58:45","guid":{"rendered":"https:\/\/www.tauben-backs.de\/produkt\/bez-kategorii\/backs-zucht-mauser\/"},"modified":"2026-04-24T13:41:48","modified_gmt":"2026-04-24T11:41:48","slug":"backs-zucht-mauser","status":"publish","type":"product","link":"https:\/\/www.tauben-backs.de\/pl\/drob-ozdobny\/produkty-budulcowe-i-wzmacniajace-dla-drobiu\/backs-zucht-mauser\/","title":{"rendered":"Backs Zucht &#038; Mauser"},"content":{"rendered":"","protected":false},"excerpt":{"rendered":"<p><strong>Backs Zucht &#038; Mauser<\/strong> \u2013 ch\u00f3w i pierzenie jest mieszank\u0105 paszow\u0105 uzupe\u0142aniaj\u0105c\u0105, stworzon\u0105 specjalnie do odchowu m\u0142odych go\u0142\u0119bi. Du\u017ca zawarto\u015b\u0107 substancji czynnych i od\u017cywczych zapewniaj\u0105 optymalny wzrost m\u0142\u00f3dk\u00f3w.  Backs Zucht &#038; Mauser ma stosunkowo du\u017c\u0105 zawarto\u015b\u0107 metioniny, dzi\u0119ki czemu jest te\u017c wy\u015bmienitym suplementem podczas pierzenia. <\/p>\n<p><strong>Backs Zucht &#038; Mauser<\/strong><br \/>\nMieszanka paszowa uzupe\u0142niaj\u0105ca dla go\u0142\u0119bi<\/p>\n<p>Sk\u0142ad: Dro\u017cd\u017ce, otr\u0119by ry\u017cowe, dekstroza, chlorek sodu, chlorek potasu, glukonian wapnia, octan magnezu<\/p>\n<p>Sk\u0142adniki analityczne:<br \/>\n19 % Bia\u0142ko surowe, 3,8 % Oleje i t\u0142uszcze surowe, 3,1 % Popi\u00f3\u0142 surowy, 1,8 % W\u0142\u00f3kno surowe, 1,1 % Lizyna, 0,6 % Metionina, 0,3 % S\u00f3d<\/p>\n<p>Dodatki w 1 kg:<br \/>\nDodatki dietetyczne:<br \/>\n40000 j.m. witamina  A (3a672a)<br \/>\n  1500 j.m. witamina D3 (3a671)<br \/>\n      24 mg witamina E (3a700)<br \/>\n    800 mg siarczanu manganu II, monohydrat (3b503)<br \/>\n    800 mg siarczan cynku, monohydrat (3b605)<br \/>\n    400 mg Glicynowy chelat \u017celaza(II), hydrat (3b108)<br \/>\n      60 mg Glicynowy chelat miedzi(II), hydrat (3b413)<br \/>\n        2 mg Jodek potasu (3b201)<br \/>\nDodatki zootechniczne:<br \/>\n33600 TXU Endo-1,4-\u00df-Xylanase EC 3.2.1.8 (4a7)<br \/>\n15000 TGU Endo-1,4-\u00df-Glucanase EC 3.2.1.4 (4a7)<br \/>\n30000 FTU 3-Phytase EC 3.1.3.8 (4a1600)<br \/>\n3 x 1010 KbE Bacillus subtilis C-3102 (4b1820)<\/p>\n<p>Instrukcje prawid\u0142owego stosowania:<br \/>\nCh\u00f3w &#8211; dzienna dawka:<br \/>\n2 p\u0142askie miarki (10g) na 20 go\u0142\u0119bi, podawa\u0107 z karm\u0105.<br \/>\nM\u0142\u00f3dki w gnie\u017adzie od 8 dnia a\u017c do odsadzenia \u2013 podawa\u0107 codziennie.<br \/>\nM\u0142\u00f3dki od odsadzenia do 7 tygodnia \u017cycia \u2013 podawa\u0107 co drugi dzie\u0144.<br \/>\nPierzenie \u2013 dzienna dawka: 1 p\u0142aska miarka (5g) na 20 go\u0142\u0119bi.<br \/>\nPodawa\u0107 co drugi dzie\u0144.<\/p>\n<p>Ze wzgl\u0119du na zwi\u0119kszon\u0105 zawarto\u015b\u0107 dodatk\u00f3w w por\u00f3wnaniu do pe\u0142noporcjowej paszy, Backs Zucht &#038; Mauser mo\u017cna podawa\u0107 tylko do 1% dziennej dawki pokarmowej.<\/p>\n<p><strong>Przechowywa\u0107 szczelnie zamkni\u0119tym w ch\u0142odnym i suchym miejscu, chroni\u0107 przed \u015bwiat\u0142em! <\/p>\n<p>Ilo\u015b\u0107 netto: 500 g<\/strong><\/p>\n","protected":false},"featured_media":10070,"comment_status":"closed","ping_status":"closed","template":"","meta":[],"product_brand":[],"product_cat":[240,244,248,250],"product_tag":[],"class_list":{"0":"post-9269","1":"product","2":"type-product","3":"status-publish","4":"has-post-thumbnail","6":"product_cat-golebie","7":"product_cat-naturalne-produkty-budulcowe-i-wzmacniajace","8":"product_cat-drob-ozdobny","9":"product_cat-produkty-budulcowe-i-wzmacniajace-dla-drobiu","11":"first","12":"instock","13":"shipping-taxable","14":"product-type-simple"},"_links":{"self":[{"href":"https:\/\/www.tauben-backs.de\/pl\/wp-json\/wp\/v2\/product\/9269","targetHints":{"allow":["GET"]}}],"collection":[{"href":"https:\/\/www.tauben-backs.de\/pl\/wp-json\/wp\/v2\/product"}],"about":[{"href":"https:\/\/www.tauben-backs.de\/pl\/wp-json\/wp\/v2\/types\/product"}],"replies":[{"embeddable":true,"href":"https:\/\/www.tauben-backs.de\/pl\/wp-json\/wp\/v2\/comments?post=9269"}],"wp:featuredmedia":[{"embeddable":true,"href":"https:\/\/www.tauben-backs.de\/pl\/wp-json\/wp\/v2\/media\/10070"}],"wp:attachment":[{"href":"https:\/\/www.tauben-backs.de\/pl\/wp-json\/wp\/v2\/media?parent=9269"}],"wp:term":[{"taxonomy":"product_brand","embeddable":true,"href":"https:\/\/www.tauben-backs.de\/pl\/wp-json\/wp\/v2\/product_brand?post=9269"},{"taxonomy":"product_cat","embeddable":true,"href":"https:\/\/www.tauben-backs.de\/pl\/wp-json\/wp\/v2\/product_cat?post=9269"},{"taxonomy":"product_tag","embeddable":true,"href":"https:\/\/www.tauben-backs.de\/pl\/wp-json\/wp\/v2\/product_tag?post=9269"}],"curies":[{"name":"wp","href":"https:\/\/api.w.org\/{rel}","templated":true}]}}