{"id":9122,"date":"2020-10-22T13:23:42","date_gmt":"2020-10-22T11:23:42","guid":{"rendered":"https:\/\/www.tauben-backs.de\/produkt\/unkategorisiert\/vitamin-e-selen\/"},"modified":"2026-04-24T13:44:50","modified_gmt":"2026-04-24T11:44:50","slug":"vitamin-e-selen","status":"publish","type":"product","link":"https:\/\/www.tauben-backs.de\/pl\/drob-ozdobny\/produkty-budulcowe-i-wzmacniajace-dla-drobiu\/vitamin-e-selen\/","title":{"rendered":"Backs Witamina E + Selen"},"content":{"rendered":"","protected":false},"excerpt":{"rendered":"<p>Witamina E wspomaga p\u0142odno\u015b\u0107 drobiu. Niedob\u00f3r witaminy E mo\u017ce skutkowa\u0107 zwi\u0119kszon\u0105 umieralno\u015bci\u0105 embrion\u00f3w oraz zaburzeniem wyklucia. Ponadto witamina E spe\u0142nia funkcj\u0119 ochronn\u0105 na b\u0142onach kom\u00f3rkowych. Selen aktywuje niekt\u00f3re enzymy oraz chroni przed dzia\u0142aniem wolnych rodnik\u00f3w. Najwa\u017cniejsz\u0105 jego rol\u0105 jest przeciwdzia\u0142anie utleniania kwas\u00f3w t\u0142uszczowych. Selen dzia\u0142a szczeg\u00f3lnie dobrze w po\u0142\u0105czeniu z witamin\u0105 E. Witamina E i selen odgrywaj\u0105 du\u017c\u0105 rol\u0119 w ochronie kom\u00f3rek. Chroni\u0105 przed uszkodzeniem chromosom\u00f3w oraz wspomagaj\u0105 uk\u0142ad odporno\u015bciowy. <\/p>\n<p><strong>Backs Vitamin E + Selen<\/strong><br \/>\nMieszanka paszowa uzupe\u0142niaj\u0105ca dla drobiu<\/p>\n<p><strong>Sk\u0142ad<\/strong>: Glikol propylenowy, dekstroza, chlorek sodu<\/p>\n<p><strong>Sk\u0142adniki analityczne:<\/strong><br \/>\n81,5 % zawarto\u015b\u0107 wilgoci<br \/>\n  6,5 % oleje i t\u0142uszcze surowe<br \/>\n0,08 % popi\u00f3\u0142 surowy<br \/>\n0,02 % s\u00f3d<br \/>\n0 % bia\u0142ko surowe<br \/>\n0 % metionina<br \/>\n0 % lizyna<br \/>\n0 % w\u0142\u00f3kno surowe<\/p>\n<p><strong>Dodatki w 1l:<\/strong><br \/>\nDodatki dietetyczne:<br \/>\n25000 mg witamina E (3a700)<br \/>\n5 mg selenin sodu (3b801)<br \/>\nDodatki technologiczne:<br \/>\n240 mg Butylowany hydroksyanizol (BHA) (E320)<br \/>\n240 mg Galusan propylu (E310)<\/p>\n<p><strong>Instrukcja prawid\u0142owego stosowania: <\/strong><br \/>\nZaleca si\u0119 podawanie przez 5 kolejnych dni przed pierwszym z\u0142o\u017ceniem jaj. Nast\u0119pnie przez 1 &#8211; 2 dni w tygodniu, a\u017c do zako\u0144czenia okresu rozp\u0142odowego.<br \/>\n<strong>Dawkowanie<\/strong>: 10ml (1 nakr\u0119tka) na 2,5l wody lub, podaj\u0105c na karm\u0119, na 25 kur niosek. <\/p>\n<p><strong>Przechowywa\u0107 w ch\u0142odnym miejscu, chroni\u0107 przed \u015bwiat\u0142em<\/strong>!<\/p>\n<p><strong>Obj\u0119to\u015b\u0107<\/strong>: 250ml<\/p>\n","protected":false},"featured_media":9119,"comment_status":"open","ping_status":"closed","template":"","meta":[],"product_brand":[],"product_cat":[248,250],"product_tag":[],"class_list":{"0":"post-9122","1":"product","2":"type-product","3":"status-publish","4":"has-post-thumbnail","6":"product_cat-drob-ozdobny","7":"product_cat-produkty-budulcowe-i-wzmacniajace-dla-drobiu","9":"first","10":"instock","11":"shipping-taxable","12":"product-type-simple"},"_links":{"self":[{"href":"https:\/\/www.tauben-backs.de\/pl\/wp-json\/wp\/v2\/product\/9122","targetHints":{"allow":["GET"]}}],"collection":[{"href":"https:\/\/www.tauben-backs.de\/pl\/wp-json\/wp\/v2\/product"}],"about":[{"href":"https:\/\/www.tauben-backs.de\/pl\/wp-json\/wp\/v2\/types\/product"}],"replies":[{"embeddable":true,"href":"https:\/\/www.tauben-backs.de\/pl\/wp-json\/wp\/v2\/comments?post=9122"}],"wp:featuredmedia":[{"embeddable":true,"href":"https:\/\/www.tauben-backs.de\/pl\/wp-json\/wp\/v2\/media\/9119"}],"wp:attachment":[{"href":"https:\/\/www.tauben-backs.de\/pl\/wp-json\/wp\/v2\/media?parent=9122"}],"wp:term":[{"taxonomy":"product_brand","embeddable":true,"href":"https:\/\/www.tauben-backs.de\/pl\/wp-json\/wp\/v2\/product_brand?post=9122"},{"taxonomy":"product_cat","embeddable":true,"href":"https:\/\/www.tauben-backs.de\/pl\/wp-json\/wp\/v2\/product_cat?post=9122"},{"taxonomy":"product_tag","embeddable":true,"href":"https:\/\/www.tauben-backs.de\/pl\/wp-json\/wp\/v2\/product_tag?post=9122"}],"curies":[{"name":"wp","href":"https:\/\/api.w.org\/{rel}","templated":true}]}}