{"id":6472,"date":"2018-08-31T12:17:05","date_gmt":"2018-08-31T10:17:05","guid":{"rendered":"https:\/\/www.tauben-backs.de\/produkt\/unkategorisiert\/backs-multivitamin-kapseln\/"},"modified":"2026-04-24T14:23:17","modified_gmt":"2026-04-24T12:23:17","slug":"backs-multivitamin-kapseln","status":"publish","type":"product","link":"https:\/\/www.tauben-backs.de\/pl\/drob-ozdobny\/produkty-budulcowe-i-wzmacniajace-dla-drobiu\/backs-multivitamin-kapseln\/","title":{"rendered":"Backs Kapsu\u0142ki multiwitaminowe"},"content":{"rendered":"","protected":false},"excerpt":{"rendered":"<p><strong>Backs Kapsu\u0142ki multiwitaminowe<\/strong> przeznaczone do wyr\u00f3wnywania niedobor\u00f3w witamin.<\/p>\n<p><strong>Backs Kapsu\u0142ki multiwitaminowe<\/strong> \u2013 pasza uzupe\u0142niaj\u0105ca dla go\u0142\u0119bi<\/p>\n<p><strong>Sk\u0142ad:<\/strong> olej sojowy, \u017celatyna odt\u0142uszczona<\/p>\n<p><strong>Sk\u0142adniki analityczne<\/strong>: 44,5% olej\u00f3w i t\u0142uszcz\u00f3w surowych, 26,9% bia\u0142ka surowego, 20,9% w\u0142\u00f3kna surowego, 2,8% popio\u0142u surowego, 1,2% lizyny, 0,2% metioniny, 0,0% sodu<\/p>\n<p><strong>Dodatki na kg:<\/strong> Dodatki fizjologiczne: 4282655 IU witaminy A (3a672b), 214133 IU witaminy D3 (3a670a), 2141 mg witaminy B1 (3a821), 3212 mg witaminy B2 jako ryboflawiny, 4283 mg witaminy B6 (3a831), 42827 mcg witaminy B12 jako cyjanokobalaminy, 12848 mg amidu kwasu nikotynowego (3a315), 4283 mg D-pantotenianu wapnia (3a841), 214 mg kwasu foliowego (3a316), 32120 mg witaminy C (3a300), 2141 mg witaminy E (3a700), 21410 mcg biotyny (3a880)<\/p>\n<p><strong>Wskaz\u00f3wki dotycz\u0105ce prawid\u0142owego stosowania:<\/strong> W okresie l\u0119gowym i pierzenia 1 kapsu\u0142ka raz w tygodniu. Podczas podr\u00f3\u017cy, w zale\u017cno\u015bci od intensywno\u015bci poprzedniego lotu, 1 kapsu\u0142ka na 1\u20132 dni przed rozpocz\u0119ciem podr\u00f3\u017cy. Po kuracji lekowej i szczepieniach 1 kapsu\u0142ka przez 2 kolejne dni. Przed i po wystawach po 1 kapsu\u0142ce na zwierz\u0119.<\/p>\n<p><strong>Wskaz\u00f3wki dotycz\u0105ce karmienia:<\/strong> Ze wzgl\u0119du na wy\u017csz\u0105 zawarto\u015b\u0107 witamin w por\u00f3wnaniu z karmami pe\u0142noporcjowymi, ten suplement diety mo\u017ce stanowi\u0107 maksymalnie 0,2% dziennej porcji pokarmu (maks. 1 kapsu\u0142ka dziennie).<\/p>\n<p><strong>Przechowywa\u0107 w ch\u0142odnym miejscu, chroni\u0105c przed \u015bwiat\u0142em!<\/strong><\/p>\n<p>50 sztuk<\/p>\n<p>100 sztuk<\/p>\n","protected":false},"featured_media":6467,"comment_status":"open","ping_status":"closed","template":"","meta":[],"product_brand":[],"product_cat":[240,244,248,250],"product_tag":[],"class_list":{"0":"post-6472","1":"product","2":"type-product","3":"status-publish","4":"has-post-thumbnail","6":"product_cat-golebie","7":"product_cat-naturalne-produkty-budulcowe-i-wzmacniajace","8":"product_cat-drob-ozdobny","9":"product_cat-produkty-budulcowe-i-wzmacniajace-dla-drobiu","10":"pa_variante-100-sztuk","11":"pa_variante-50-sztuk","13":"first","14":"instock","15":"shipping-taxable","16":"product-type-variable"},"_links":{"self":[{"href":"https:\/\/www.tauben-backs.de\/pl\/wp-json\/wp\/v2\/product\/6472","targetHints":{"allow":["GET"]}}],"collection":[{"href":"https:\/\/www.tauben-backs.de\/pl\/wp-json\/wp\/v2\/product"}],"about":[{"href":"https:\/\/www.tauben-backs.de\/pl\/wp-json\/wp\/v2\/types\/product"}],"replies":[{"embeddable":true,"href":"https:\/\/www.tauben-backs.de\/pl\/wp-json\/wp\/v2\/comments?post=6472"}],"wp:featuredmedia":[{"embeddable":true,"href":"https:\/\/www.tauben-backs.de\/pl\/wp-json\/wp\/v2\/media\/6467"}],"wp:attachment":[{"href":"https:\/\/www.tauben-backs.de\/pl\/wp-json\/wp\/v2\/media?parent=6472"}],"wp:term":[{"taxonomy":"product_brand","embeddable":true,"href":"https:\/\/www.tauben-backs.de\/pl\/wp-json\/wp\/v2\/product_brand?post=6472"},{"taxonomy":"product_cat","embeddable":true,"href":"https:\/\/www.tauben-backs.de\/pl\/wp-json\/wp\/v2\/product_cat?post=6472"},{"taxonomy":"product_tag","embeddable":true,"href":"https:\/\/www.tauben-backs.de\/pl\/wp-json\/wp\/v2\/product_tag?post=6472"}],"curies":[{"name":"wp","href":"https:\/\/api.w.org\/{rel}","templated":true}]}}