{"id":6158,"date":"2017-04-26T14:02:37","date_gmt":"2017-04-26T12:02:37","guid":{"rendered":"http:\/\/www.tauben-backs.de\/shop\/unkategorisiert\/kosz-transportowy\/"},"modified":"2021-07-23T14:59:10","modified_gmt":"2021-07-23T12:59:10","slug":"kosz-transportowy","status":"publish","type":"product","link":"https:\/\/www.tauben-backs.de\/pl\/golebie\/akcesoria\/kosze-transportowe\/kosz-transportowy\/","title":{"rendered":"Kosz transportowy"},"content":{"rendered":"","protected":false},"excerpt":{"rendered":"<p><strong>Kosz transportowy 40cm<\/strong><br \/>\nZ jedn\u0105 klap\u0105 do wk\u0142adania z g\u00f3ry<br \/>\nWymiary: d\u0142ugo\u015b\u0107, szeroko\u015b\u0107, wysoko\u015b\u0107 40 x 40 x 22 cm<\/p>\n<p><strong>Kosz transportowy 80cm<\/strong><br \/>\nbez \u015bcianki dzia\u0142owej z jedn\u0105 klap\u0105 do wk\u0142adania od g\u00f3ry oraz jedn\u0105 z boku do cel\u00f3w treningowych.<br \/>\nWymiary: d\u0142ugo\u015b\u0107, szeroko\u015b\u0107, wysoko\u015b\u0107 80 x 40 x 22 cm<\/p>\n<p><strong>Kosz transportowy 80cm z \u015bciank\u0105 dzia\u0142ow\u0105\u00a0<\/strong><br \/>\nz dwoma klapami do wk\u0142adania od g\u00f3ry i jedn\u0105 z boku do cel\u00f3w treningowych.<br \/>\nWymiary: d\u0142ugo\u015b\u0107, szeroko\u015b\u0107, wysoko\u015b\u0107 80 x 40 x 22 cm<\/p>\n","protected":false},"featured_media":9654,"comment_status":"closed","ping_status":"closed","template":"","meta":[],"product_brand":[],"product_cat":[240,246,311],"product_tag":[],"class_list":{"0":"post-6158","1":"product","2":"type-product","3":"status-publish","4":"has-post-thumbnail","6":"product_cat-golebie","7":"product_cat-akcesoria","8":"product_cat-kosze-transportowe","10":"first","11":"instock","12":"product-type-variable"},"_links":{"self":[{"href":"https:\/\/www.tauben-backs.de\/pl\/wp-json\/wp\/v2\/product\/6158","targetHints":{"allow":["GET"]}}],"collection":[{"href":"https:\/\/www.tauben-backs.de\/pl\/wp-json\/wp\/v2\/product"}],"about":[{"href":"https:\/\/www.tauben-backs.de\/pl\/wp-json\/wp\/v2\/types\/product"}],"replies":[{"embeddable":true,"href":"https:\/\/www.tauben-backs.de\/pl\/wp-json\/wp\/v2\/comments?post=6158"}],"wp:featuredmedia":[{"embeddable":true,"href":"https:\/\/www.tauben-backs.de\/pl\/wp-json\/wp\/v2\/media\/9654"}],"wp:attachment":[{"href":"https:\/\/www.tauben-backs.de\/pl\/wp-json\/wp\/v2\/media?parent=6158"}],"wp:term":[{"taxonomy":"product_brand","embeddable":true,"href":"https:\/\/www.tauben-backs.de\/pl\/wp-json\/wp\/v2\/product_brand?post=6158"},{"taxonomy":"product_cat","embeddable":true,"href":"https:\/\/www.tauben-backs.de\/pl\/wp-json\/wp\/v2\/product_cat?post=6158"},{"taxonomy":"product_tag","embeddable":true,"href":"https:\/\/www.tauben-backs.de\/pl\/wp-json\/wp\/v2\/product_tag?post=6158"}],"curies":[{"name":"wp","href":"https:\/\/api.w.org\/{rel}","templated":true}]}}