{"id":6157,"date":"2017-04-25T00:00:00","date_gmt":"2017-04-24T22:00:00","guid":{"rendered":"http:\/\/www.tauben-backs.de\/shop\/unkategorisiert\/stolik-pod-poidlo-ze-sklejki\/"},"modified":"2021-07-21T14:45:59","modified_gmt":"2021-07-21T12:45:59","slug":"stolik-pod-poidlo-ze-sklejki","status":"publish","type":"product","link":"https:\/\/www.tauben-backs.de\/pl\/golebie\/akcesoria\/wyposazenie-golebnika\/stolik-pod-poidlo-ze-sklejki\/","title":{"rendered":"Stolik pod poid\u0142o ze sklejki"},"content":{"rendered":"","protected":false},"excerpt":{"rendered":"<p>Powierzchnia blatu wynosi 40 x 30 cm, wysoko\u015b\u0107 21cm. Powierzchnia jest chropowata, co zapobiega zsuni\u0119ciu poid\u0142a. Karmid\u0142a pod blatem nadaj\u0105 si\u0119 do podania minera\u0142\u00f3w takich jak gryt lub kamie\u0144 do dziobania.<\/p>\n","protected":false},"featured_media":5362,"comment_status":"closed","ping_status":"closed","template":"","meta":[],"product_brand":[],"product_cat":[240,246,308],"product_tag":[],"class_list":{"0":"post-6157","1":"product","2":"type-product","3":"status-publish","4":"has-post-thumbnail","6":"product_cat-golebie","7":"product_cat-akcesoria","8":"product_cat-wyposazenie-golebnika","10":"first","11":"instock","12":"product-type-simple"},"_links":{"self":[{"href":"https:\/\/www.tauben-backs.de\/pl\/wp-json\/wp\/v2\/product\/6157","targetHints":{"allow":["GET"]}}],"collection":[{"href":"https:\/\/www.tauben-backs.de\/pl\/wp-json\/wp\/v2\/product"}],"about":[{"href":"https:\/\/www.tauben-backs.de\/pl\/wp-json\/wp\/v2\/types\/product"}],"replies":[{"embeddable":true,"href":"https:\/\/www.tauben-backs.de\/pl\/wp-json\/wp\/v2\/comments?post=6157"}],"wp:featuredmedia":[{"embeddable":true,"href":"https:\/\/www.tauben-backs.de\/pl\/wp-json\/wp\/v2\/media\/5362"}],"wp:attachment":[{"href":"https:\/\/www.tauben-backs.de\/pl\/wp-json\/wp\/v2\/media?parent=6157"}],"wp:term":[{"taxonomy":"product_brand","embeddable":true,"href":"https:\/\/www.tauben-backs.de\/pl\/wp-json\/wp\/v2\/product_brand?post=6157"},{"taxonomy":"product_cat","embeddable":true,"href":"https:\/\/www.tauben-backs.de\/pl\/wp-json\/wp\/v2\/product_cat?post=6157"},{"taxonomy":"product_tag","embeddable":true,"href":"https:\/\/www.tauben-backs.de\/pl\/wp-json\/wp\/v2\/product_tag?post=6157"}],"curies":[{"name":"wp","href":"https:\/\/api.w.org\/{rel}","templated":true}]}}