{"id":5964,"date":"2017-04-26T14:03:16","date_gmt":"2017-04-26T12:03:16","guid":{"rendered":"http:\/\/www.tauben-backs.de\/shop\/unkategorisiert\/poidlo-nasadowe-z-zamknieciem-gwintowym-zielona-linia\/"},"modified":"2017-09-20T13:14:04","modified_gmt":"2017-09-20T11:14:04","slug":"poidlo-nasadowe-z-zamknieciem-gwintowym-zielona-linia","status":"publish","type":"product","link":"https:\/\/www.tauben-backs.de\/pl\/drob-ozdobny\/akcesoria-pl\/zielona-linia\/poidlo-nasadowe-z-zamknieciem-gwintowym-zielona-linia\/","title":{"rendered":"Poid\u0142o nasadowe z zamkni\u0119ciem gwintowym, zielona linia"},"content":{"rendered":"","protected":false},"excerpt":{"rendered":"<p>Dla kur i piskl\u0105t w chowie gruntowym. Poid\u0142o te mo\u017cna te\u017c zawiesi\u0107. Jest bardzo wytrzyma\u0142e i \u0142atwe do czyszczenia.<\/p>\n<p>1,5 L<br \/>\n3,5 L<br \/>\n5,5 L<\/p>\n<p>&nbsp;<\/p>\n","protected":false},"featured_media":2910,"comment_status":"closed","ping_status":"closed","template":"","meta":[],"product_brand":[],"product_cat":[248,253,329],"product_tag":[],"class_list":{"0":"post-5964","1":"product","2":"type-product","3":"status-publish","4":"has-post-thumbnail","6":"product_cat-drob-ozdobny","7":"product_cat-akcesoria-pl","8":"product_cat-zielona-linia","10":"first","11":"instock","12":"product-type-variable"},"_links":{"self":[{"href":"https:\/\/www.tauben-backs.de\/pl\/wp-json\/wp\/v2\/product\/5964","targetHints":{"allow":["GET"]}}],"collection":[{"href":"https:\/\/www.tauben-backs.de\/pl\/wp-json\/wp\/v2\/product"}],"about":[{"href":"https:\/\/www.tauben-backs.de\/pl\/wp-json\/wp\/v2\/types\/product"}],"replies":[{"embeddable":true,"href":"https:\/\/www.tauben-backs.de\/pl\/wp-json\/wp\/v2\/comments?post=5964"}],"wp:featuredmedia":[{"embeddable":true,"href":"https:\/\/www.tauben-backs.de\/pl\/wp-json\/wp\/v2\/media\/2910"}],"wp:attachment":[{"href":"https:\/\/www.tauben-backs.de\/pl\/wp-json\/wp\/v2\/media?parent=5964"}],"wp:term":[{"taxonomy":"product_brand","embeddable":true,"href":"https:\/\/www.tauben-backs.de\/pl\/wp-json\/wp\/v2\/product_brand?post=5964"},{"taxonomy":"product_cat","embeddable":true,"href":"https:\/\/www.tauben-backs.de\/pl\/wp-json\/wp\/v2\/product_cat?post=5964"},{"taxonomy":"product_tag","embeddable":true,"href":"https:\/\/www.tauben-backs.de\/pl\/wp-json\/wp\/v2\/product_tag?post=5964"}],"curies":[{"name":"wp","href":"https:\/\/api.w.org\/{rel}","templated":true}]}}