{"id":5963,"date":"2017-04-26T14:03:16","date_gmt":"2017-04-26T12:03:16","guid":{"rendered":"http:\/\/www.tauben-backs.de\/shop\/unkategorisiert\/nogi-do-poidla-6-i-12l\/"},"modified":"2017-09-20T13:12:24","modified_gmt":"2017-09-20T11:12:24","slug":"nogi-do-poidla-6-i-12l","status":"publish","type":"product","link":"https:\/\/www.tauben-backs.de\/pl\/drob-ozdobny\/akcesoria-pl\/zielona-linia\/nogi-do-poidla-6-i-12l\/","title":{"rendered":"Nogi do poid\u0142a 6 i 12l."},"content":{"rendered":"","protected":false},"excerpt":{"rendered":"<p>4 nogi na poid\u0142o. Podnosi poid\u0142o na wysoko\u015b\u0107 8 cm, dzi\u0119ki czemu woda w rynnie poid\u0142a mniej si\u0119 brudzi. Czysta woda to zdrowsze ptaki\u00a0 i lepsza jako\u015b\u0107 jajek.<\/p>\n","protected":false},"featured_media":2912,"comment_status":"closed","ping_status":"closed","template":"","meta":[],"product_brand":[],"product_cat":[248,253,329],"product_tag":[],"class_list":{"0":"post-5963","1":"product","2":"type-product","3":"status-publish","4":"has-post-thumbnail","6":"product_cat-drob-ozdobny","7":"product_cat-akcesoria-pl","8":"product_cat-zielona-linia","10":"first","11":"instock","12":"product-type-simple"},"_links":{"self":[{"href":"https:\/\/www.tauben-backs.de\/pl\/wp-json\/wp\/v2\/product\/5963","targetHints":{"allow":["GET"]}}],"collection":[{"href":"https:\/\/www.tauben-backs.de\/pl\/wp-json\/wp\/v2\/product"}],"about":[{"href":"https:\/\/www.tauben-backs.de\/pl\/wp-json\/wp\/v2\/types\/product"}],"replies":[{"embeddable":true,"href":"https:\/\/www.tauben-backs.de\/pl\/wp-json\/wp\/v2\/comments?post=5963"}],"wp:featuredmedia":[{"embeddable":true,"href":"https:\/\/www.tauben-backs.de\/pl\/wp-json\/wp\/v2\/media\/2912"}],"wp:attachment":[{"href":"https:\/\/www.tauben-backs.de\/pl\/wp-json\/wp\/v2\/media?parent=5963"}],"wp:term":[{"taxonomy":"product_brand","embeddable":true,"href":"https:\/\/www.tauben-backs.de\/pl\/wp-json\/wp\/v2\/product_brand?post=5963"},{"taxonomy":"product_cat","embeddable":true,"href":"https:\/\/www.tauben-backs.de\/pl\/wp-json\/wp\/v2\/product_cat?post=5963"},{"taxonomy":"product_tag","embeddable":true,"href":"https:\/\/www.tauben-backs.de\/pl\/wp-json\/wp\/v2\/product_tag?post=5963"}],"curies":[{"name":"wp","href":"https:\/\/api.w.org\/{rel}","templated":true}]}}