{"id":5959,"date":"2017-04-26T14:03:16","date_gmt":"2017-04-26T12:03:16","guid":{"rendered":"http:\/\/www.tauben-backs.de\/shop\/unkategorisiert\/poidlo-z-podwojnym-cylindrem-zielona-linia\/"},"modified":"2020-11-11T00:45:35","modified_gmt":"2020-11-10T23:45:35","slug":"poidlo-z-podwojnym-cylindrem-zielona-linia","status":"publish","type":"product","link":"https:\/\/www.tauben-backs.de\/pl\/drob-ozdobny\/akcesoria-pl\/zielona-linia\/poidlo-z-podwojnym-cylindrem-zielona-linia\/","title":{"rendered":"Poid\u0142o z podw\u00f3jnym cylindrem, zielona linia"},"content":{"rendered":"","protected":false},"excerpt":{"rendered":"<p>Posiada sprawdzone zamkni\u0119cie gwintowane. Nadaje si\u0119 te\u017c do zawieszenia. Jest \u0142atwe do czyszczenia. Idealne dla kur, indyk\u00f3w i kaczek.<\/p>\n<p><video width=\"320\" controls><source src=\"https:\/\/www.tauben-backs.de\/wp-content\/uploads\/2020\/11\/Doppelzylindertrnke-mit-Untertext_EN.mp4-2.mp4\" type=\"video\/mp4\">Die Videowiedergabe wird von Ihrem Browser nicht unterst\u00fctzt.<br \/>\nYour browser does not support the video tag.<\/video><\/p>\n","protected":false},"featured_media":2914,"comment_status":"closed","ping_status":"closed","template":"","meta":[],"product_brand":[],"product_cat":[248,253,329],"product_tag":[],"class_list":{"0":"post-5959","1":"product","2":"type-product","3":"status-publish","4":"has-post-thumbnail","6":"product_cat-drob-ozdobny","7":"product_cat-akcesoria-pl","8":"product_cat-zielona-linia","10":"first","11":"instock","12":"product-type-variable"},"_links":{"self":[{"href":"https:\/\/www.tauben-backs.de\/pl\/wp-json\/wp\/v2\/product\/5959","targetHints":{"allow":["GET"]}}],"collection":[{"href":"https:\/\/www.tauben-backs.de\/pl\/wp-json\/wp\/v2\/product"}],"about":[{"href":"https:\/\/www.tauben-backs.de\/pl\/wp-json\/wp\/v2\/types\/product"}],"replies":[{"embeddable":true,"href":"https:\/\/www.tauben-backs.de\/pl\/wp-json\/wp\/v2\/comments?post=5959"}],"wp:featuredmedia":[{"embeddable":true,"href":"https:\/\/www.tauben-backs.de\/pl\/wp-json\/wp\/v2\/media\/2914"}],"wp:attachment":[{"href":"https:\/\/www.tauben-backs.de\/pl\/wp-json\/wp\/v2\/media?parent=5959"}],"wp:term":[{"taxonomy":"product_brand","embeddable":true,"href":"https:\/\/www.tauben-backs.de\/pl\/wp-json\/wp\/v2\/product_brand?post=5959"},{"taxonomy":"product_cat","embeddable":true,"href":"https:\/\/www.tauben-backs.de\/pl\/wp-json\/wp\/v2\/product_cat?post=5959"},{"taxonomy":"product_tag","embeddable":true,"href":"https:\/\/www.tauben-backs.de\/pl\/wp-json\/wp\/v2\/product_tag?post=5959"}],"curies":[{"name":"wp","href":"https:\/\/api.w.org\/{rel}","templated":true}]}}