{"id":5957,"date":"2017-04-26T14:03:49","date_gmt":"2017-04-26T12:03:49","guid":{"rendered":"http:\/\/www.tauben-backs.de\/shop\/unkategorisiert\/talerz-do-karmienia-pisklat\/"},"modified":"2026-03-03T12:39:57","modified_gmt":"2026-03-03T11:39:57","slug":"talerz-do-karmienia-pisklat","status":"publish","type":"product","link":"https:\/\/www.tauben-backs.de\/pl\/drob-ozdobny\/akcesoria-pl\/talerz-do-karmienia-pisklat\/","title":{"rendered":"Talerz do karmienia piskl\u0105t"},"content":{"rendered":"","protected":false},"excerpt":{"rendered":"<p>Szczeg\u00f3lnie ekonomiczne przy odchowie piskl\u0105t jednodniowych. Zapewnia czyste i higieniczne karmienie, co minimalizuje straty zwierz\u0105t. Wysoko\u015b\u0107 50mm,\u00a0\u00d8 40 cm.<\/p>\n<p>&nbsp;<\/p>\n<p>1 szt.<\/p>\n","protected":false},"featured_media":5455,"comment_status":"closed","ping_status":"closed","template":"","meta":[],"product_brand":[],"product_cat":[248,253],"product_tag":[],"class_list":{"0":"post-5957","1":"product","2":"type-product","3":"status-publish","4":"has-post-thumbnail","6":"product_cat-drob-ozdobny","7":"product_cat-akcesoria-pl","9":"first","10":"instock","11":"product-type-simple"},"_links":{"self":[{"href":"https:\/\/www.tauben-backs.de\/pl\/wp-json\/wp\/v2\/product\/5957","targetHints":{"allow":["GET"]}}],"collection":[{"href":"https:\/\/www.tauben-backs.de\/pl\/wp-json\/wp\/v2\/product"}],"about":[{"href":"https:\/\/www.tauben-backs.de\/pl\/wp-json\/wp\/v2\/types\/product"}],"replies":[{"embeddable":true,"href":"https:\/\/www.tauben-backs.de\/pl\/wp-json\/wp\/v2\/comments?post=5957"}],"wp:featuredmedia":[{"embeddable":true,"href":"https:\/\/www.tauben-backs.de\/pl\/wp-json\/wp\/v2\/media\/5455"}],"wp:attachment":[{"href":"https:\/\/www.tauben-backs.de\/pl\/wp-json\/wp\/v2\/media?parent=5957"}],"wp:term":[{"taxonomy":"product_brand","embeddable":true,"href":"https:\/\/www.tauben-backs.de\/pl\/wp-json\/wp\/v2\/product_brand?post=5957"},{"taxonomy":"product_cat","embeddable":true,"href":"https:\/\/www.tauben-backs.de\/pl\/wp-json\/wp\/v2\/product_cat?post=5957"},{"taxonomy":"product_tag","embeddable":true,"href":"https:\/\/www.tauben-backs.de\/pl\/wp-json\/wp\/v2\/product_tag?post=5957"}],"curies":[{"name":"wp","href":"https:\/\/api.w.org\/{rel}","templated":true}]}}