{"id":5953,"date":"2017-04-26T14:03:16","date_gmt":"2017-04-26T12:03:16","guid":{"rendered":"http:\/\/www.tauben-backs.de\/shop\/unkategorisiert\/lapka-na-myszy-super-cat\/"},"modified":"2017-09-20T13:15:06","modified_gmt":"2017-09-20T11:15:06","slug":"lapka-na-myszy-super-cat","status":"publish","type":"product","link":"https:\/\/www.tauben-backs.de\/pl\/drob-ozdobny\/dezynfekcja-i-pielegnacja\/lapka-na-myszy-super-cat\/","title":{"rendered":"\u0141apka na myszy Super Cat"},"content":{"rendered":"","protected":false},"excerpt":{"rendered":"<p>Posiada nietruj\u0105c\u0105, wieczn\u0105 przyn\u0119t\u0119. Jest \u0142atwa w obs\u0142udze, wysoce wydajna i higieniczna, nie zagra\u017ca dzieciom i zwierz\u0119tom domowym.<\/p>\n<p>2 szt.<\/p>\n","protected":false},"featured_media":2894,"comment_status":"closed","ping_status":"closed","template":"","meta":[],"product_brand":[],"product_cat":[248,252],"product_tag":[],"class_list":{"0":"post-5953","1":"product","2":"type-product","3":"status-publish","4":"has-post-thumbnail","6":"product_cat-drob-ozdobny","7":"product_cat-dezynfekcja-i-pielegnacja","9":"first","10":"instock","11":"product-type-simple"},"_links":{"self":[{"href":"https:\/\/www.tauben-backs.de\/pl\/wp-json\/wp\/v2\/product\/5953","targetHints":{"allow":["GET"]}}],"collection":[{"href":"https:\/\/www.tauben-backs.de\/pl\/wp-json\/wp\/v2\/product"}],"about":[{"href":"https:\/\/www.tauben-backs.de\/pl\/wp-json\/wp\/v2\/types\/product"}],"replies":[{"embeddable":true,"href":"https:\/\/www.tauben-backs.de\/pl\/wp-json\/wp\/v2\/comments?post=5953"}],"wp:featuredmedia":[{"embeddable":true,"href":"https:\/\/www.tauben-backs.de\/pl\/wp-json\/wp\/v2\/media\/2894"}],"wp:attachment":[{"href":"https:\/\/www.tauben-backs.de\/pl\/wp-json\/wp\/v2\/media?parent=5953"}],"wp:term":[{"taxonomy":"product_brand","embeddable":true,"href":"https:\/\/www.tauben-backs.de\/pl\/wp-json\/wp\/v2\/product_brand?post=5953"},{"taxonomy":"product_cat","embeddable":true,"href":"https:\/\/www.tauben-backs.de\/pl\/wp-json\/wp\/v2\/product_cat?post=5953"},{"taxonomy":"product_tag","embeddable":true,"href":"https:\/\/www.tauben-backs.de\/pl\/wp-json\/wp\/v2\/product_tag?post=5953"}],"curies":[{"name":"wp","href":"https:\/\/api.w.org\/{rel}","templated":true}]}}