{"id":5936,"date":"2017-04-26T14:04:20","date_gmt":"2017-04-26T12:04:20","guid":{"rendered":"http:\/\/www.tauben-backs.de\/shop\/unkategorisiert\/backs-kamienie-zoladkowe-dla-ptakow-ekstra-drobnebacks-kamienie-zoladkowe-dla-ptakow-ekstra-drobne\/"},"modified":"2017-09-14T12:53:45","modified_gmt":"2017-09-14T10:53:45","slug":"backs-kamienie-zoladkowe-dla-ptakow-ekstra-drobnebacks-kamienie-zoladkowe-dla-ptakow-ekstra-drobne","status":"publish","type":"product","link":"https:\/\/www.tauben-backs.de\/pl\/ptaki\/karmic\/backs-kamienie-zoladkowe-dla-ptakow-ekstra-drobnebacks-kamienie-zoladkowe-dla-ptakow-ekstra-drobne\/","title":{"rendered":"Backs kamienie \u017co\u0142\u0105dkowe dla ptak\u00f3w \u2013 ekstra drobne"},"content":{"rendered":"","protected":false},"excerpt":{"rendered":"<p>Przeznaczone dla ma\u0142ych ptak\u00f3w w celu poprawienia trawienia. Sk\u0142ada si\u0119 z bardzo twardego kamienia. Zaopatrzenie w dobre kamienie \u017co\u0142\u0105dkowe jest niezb\u0119dne dla prawid\u0142owego trawienia.<\/p>\n<p>1 kg<\/p>\n","protected":false},"featured_media":5490,"comment_status":"closed","ping_status":"closed","template":"","meta":[],"product_brand":[],"product_cat":[256,257],"product_tag":[],"class_list":{"0":"post-5936","1":"product","2":"type-product","3":"status-publish","4":"has-post-thumbnail","6":"product_cat-ptaki","7":"product_cat-karmic","9":"first","10":"instock","11":"product-type-simple"},"_links":{"self":[{"href":"https:\/\/www.tauben-backs.de\/pl\/wp-json\/wp\/v2\/product\/5936","targetHints":{"allow":["GET"]}}],"collection":[{"href":"https:\/\/www.tauben-backs.de\/pl\/wp-json\/wp\/v2\/product"}],"about":[{"href":"https:\/\/www.tauben-backs.de\/pl\/wp-json\/wp\/v2\/types\/product"}],"replies":[{"embeddable":true,"href":"https:\/\/www.tauben-backs.de\/pl\/wp-json\/wp\/v2\/comments?post=5936"}],"wp:featuredmedia":[{"embeddable":true,"href":"https:\/\/www.tauben-backs.de\/pl\/wp-json\/wp\/v2\/media\/5490"}],"wp:attachment":[{"href":"https:\/\/www.tauben-backs.de\/pl\/wp-json\/wp\/v2\/media?parent=5936"}],"wp:term":[{"taxonomy":"product_brand","embeddable":true,"href":"https:\/\/www.tauben-backs.de\/pl\/wp-json\/wp\/v2\/product_brand?post=5936"},{"taxonomy":"product_cat","embeddable":true,"href":"https:\/\/www.tauben-backs.de\/pl\/wp-json\/wp\/v2\/product_cat?post=5936"},{"taxonomy":"product_tag","embeddable":true,"href":"https:\/\/www.tauben-backs.de\/pl\/wp-json\/wp\/v2\/product_tag?post=5936"}],"curies":[{"name":"wp","href":"https:\/\/api.w.org\/{rel}","templated":true}]}}