{"id":5068,"date":"2017-05-22T11:04:10","date_gmt":"2017-05-22T09:04:10","guid":{"rendered":"http:\/\/backs.ocue.de\/produkt\/wkladka-do-miski-legowej-wlokno-naturalne\/"},"modified":"2026-04-28T13:47:54","modified_gmt":"2026-04-28T11:47:54","slug":"wkladka-do-miski-legowej-wlokno-naturalne","status":"publish","type":"product","link":"https:\/\/www.tauben-backs.de\/pl\/drob-ozdobny\/akcesoria-pl\/wkladka-do-miski-legowej-wlokno-naturalne\/","title":{"rendered":"Wk\u0142adka do miski l\u0119gowej (w\u0142\u00f3kno naturalne)"},"content":{"rendered":"","protected":false},"excerpt":{"rendered":"<p>ta wk\u0142adka nadaje si\u0119 do ka\u017cdego rodzaju miski l\u0119gowej i powoduje dobr\u0105 cyrkulacj\u0119 powietrza. Jest wykonana z sizalu i dzi\u0119ki temu trwalsza od zwyczajnych wk\u0142adek, przede wszystkim w po\u0142\u0105czeniu z misk\u0105 l\u0119gow\u0105 &#8222;Thermik&#8221;. <\/p>\n<p>10 szt.<\/p>\n","protected":false},"featured_media":4895,"comment_status":"open","ping_status":"closed","template":"","meta":[],"product_brand":[],"product_cat":[598,240,246,306,248,253],"product_tag":[],"class_list":{"0":"post-5068","1":"product","2":"type-product","3":"status-publish","4":"has-post-thumbnail","6":"product_cat-nisthilfen","7":"product_cat-golebie","8":"product_cat-akcesoria","9":"product_cat-legowe","10":"product_cat-drob-ozdobny","11":"product_cat-akcesoria-pl","13":"first","14":"instock","15":"shipping-taxable","16":"product-type-simple"},"_links":{"self":[{"href":"https:\/\/www.tauben-backs.de\/pl\/wp-json\/wp\/v2\/product\/5068","targetHints":{"allow":["GET"]}}],"collection":[{"href":"https:\/\/www.tauben-backs.de\/pl\/wp-json\/wp\/v2\/product"}],"about":[{"href":"https:\/\/www.tauben-backs.de\/pl\/wp-json\/wp\/v2\/types\/product"}],"replies":[{"embeddable":true,"href":"https:\/\/www.tauben-backs.de\/pl\/wp-json\/wp\/v2\/comments?post=5068"}],"wp:featuredmedia":[{"embeddable":true,"href":"https:\/\/www.tauben-backs.de\/pl\/wp-json\/wp\/v2\/media\/4895"}],"wp:attachment":[{"href":"https:\/\/www.tauben-backs.de\/pl\/wp-json\/wp\/v2\/media?parent=5068"}],"wp:term":[{"taxonomy":"product_brand","embeddable":true,"href":"https:\/\/www.tauben-backs.de\/pl\/wp-json\/wp\/v2\/product_brand?post=5068"},{"taxonomy":"product_cat","embeddable":true,"href":"https:\/\/www.tauben-backs.de\/pl\/wp-json\/wp\/v2\/product_cat?post=5068"},{"taxonomy":"product_tag","embeddable":true,"href":"https:\/\/www.tauben-backs.de\/pl\/wp-json\/wp\/v2\/product_tag?post=5068"}],"curies":[{"name":"wp","href":"https:\/\/api.w.org\/{rel}","templated":true}]}}