{"id":5066,"date":"2017-05-22T11:02:51","date_gmt":"2017-05-22T09:02:51","guid":{"rendered":"http:\/\/backs.ocue.de\/produkt\/tekturowa-miska-legowa\/"},"modified":"2026-04-28T13:52:16","modified_gmt":"2026-04-28T11:52:16","slug":"tekturowa-miska-legowa","status":"publish","type":"product","link":"https:\/\/www.tauben-backs.de\/pl\/drob-ozdobny\/akcesoria-pl\/tekturowa-miska-legowa\/","title":{"rendered":"Miska l\u0119gowa tekturowa"},"content":{"rendered":"","protected":false},"excerpt":{"rendered":"<p>Dobra jako\u015b\u0107, dzi\u0119ki niskiej cenie mo\u017cna j\u0105 wykorzysta\u0107 tylko do jednego l\u0119gu, jednak jest na tyle stabilna, \u017ce mo\u017cna z niej korzysta\u0107 przez ca\u0142y sezon.<\/p>\n","protected":false},"featured_media":8826,"comment_status":"open","ping_status":"closed","template":"","meta":[],"product_brand":[],"product_cat":[598,240,246,306,248,253],"product_tag":[],"class_list":{"0":"post-5066","1":"product","2":"type-product","3":"status-publish","4":"has-post-thumbnail","6":"product_cat-nisthilfen","7":"product_cat-golebie","8":"product_cat-akcesoria","9":"product_cat-legowe","10":"product_cat-drob-ozdobny","11":"product_cat-akcesoria-pl","13":"first","14":"instock","15":"shipping-taxable","16":"product-type-simple"},"_links":{"self":[{"href":"https:\/\/www.tauben-backs.de\/pl\/wp-json\/wp\/v2\/product\/5066","targetHints":{"allow":["GET"]}}],"collection":[{"href":"https:\/\/www.tauben-backs.de\/pl\/wp-json\/wp\/v2\/product"}],"about":[{"href":"https:\/\/www.tauben-backs.de\/pl\/wp-json\/wp\/v2\/types\/product"}],"replies":[{"embeddable":true,"href":"https:\/\/www.tauben-backs.de\/pl\/wp-json\/wp\/v2\/comments?post=5066"}],"wp:featuredmedia":[{"embeddable":true,"href":"https:\/\/www.tauben-backs.de\/pl\/wp-json\/wp\/v2\/media\/8826"}],"wp:attachment":[{"href":"https:\/\/www.tauben-backs.de\/pl\/wp-json\/wp\/v2\/media?parent=5066"}],"wp:term":[{"taxonomy":"product_brand","embeddable":true,"href":"https:\/\/www.tauben-backs.de\/pl\/wp-json\/wp\/v2\/product_brand?post=5066"},{"taxonomy":"product_cat","embeddable":true,"href":"https:\/\/www.tauben-backs.de\/pl\/wp-json\/wp\/v2\/product_cat?post=5066"},{"taxonomy":"product_tag","embeddable":true,"href":"https:\/\/www.tauben-backs.de\/pl\/wp-json\/wp\/v2\/product_tag?post=5066"}],"curies":[{"name":"wp","href":"https:\/\/api.w.org\/{rel}","templated":true}]}}