{"id":5064,"date":"2017-05-22T10:57:01","date_gmt":"2017-05-22T08:57:01","guid":{"rendered":"http:\/\/backs.ocue.de\/produkt\/miska-legowa-thermik\/"},"modified":"2026-04-28T14:00:59","modified_gmt":"2026-04-28T12:00:59","slug":"miska-legowa-thermik","status":"publish","type":"product","link":"https:\/\/www.tauben-backs.de\/pl\/drob-ozdobny\/akcesoria-pl\/miska-legowa-thermik\/","title":{"rendered":"Miska l\u0119gowa \u201cThermik\u201d"},"content":{"rendered":"","protected":false},"excerpt":{"rendered":"<p>To naturalne gniazdo l\u0119gowe ma wiele zalet, ktorych nie maj\u0105 tradycyjne miski l\u0119gowe. Siatkowy splot tej miski umo\u017cliwia dobr\u0105 cyrkulacj\u0119 powietrza, przez co ka\u0142 szybko wysycha.<br \/>\nBakterie, kt\u00f3re ewentualnie mog\u0105 si\u0119 znajdowa\u0107 w kale nie maj\u0105 szans na rozmno\u017cenie si\u0119. Dzi\u0119ki cyrkulacji powietrza nie zbiera si\u0119 wilgo\u0107 z potu i m\u0142ode go\u0142\u0119bie rozwijaj\u0105 si\u0119 wyra\u017anie lepiej i zdrowiej.<br \/>\nStosuj\u0105c t\u0119 misk\u0119 do l\u0119g\u00f3w nale\u017cy zadba\u0107 o to, aby go\u0142\u0119bie mia\u0142y wystarczaj\u0105c\u0105 ilo\u015b\u0107 materia\u0142u gniazdowego, to znaczy \u0142ody\u017cek tytoniu lub s\u0142omy b\u0105d\u017a zastosowa\u0107 wk\u0142adk\u0119 aby unikn\u0105\u0107 ewentualnego wych\u0142odzenia m\u0142odych podczas zimnej pory roku. Mimo to gniazdo pozostaje ci\u0105gle suche dzi\u0119ki dop\u0142ywowi powietrza. Testy wykaza\u0142y, \u017ce go\u0142\u0119bie preferuj\u0105 t\u0105 misk\u0119 l\u0119gow\u0105 buduj\u0105c gniazdo materia\u0142em gniazdowym. Kolejn\u0105 zalet\u0105 jest \u0142atwe czyszczenie tej miski l\u0119gowej.<\/p>\n","protected":false},"featured_media":4887,"comment_status":"open","ping_status":"closed","template":"","meta":[],"product_brand":[],"product_cat":[598,240,246,306,248,253],"product_tag":[],"class_list":{"0":"post-5064","1":"product","2":"type-product","3":"status-publish","4":"has-post-thumbnail","6":"product_cat-nisthilfen","7":"product_cat-golebie","8":"product_cat-akcesoria","9":"product_cat-legowe","10":"product_cat-drob-ozdobny","11":"product_cat-akcesoria-pl","13":"first","14":"instock","15":"shipping-taxable","16":"product-type-simple"},"_links":{"self":[{"href":"https:\/\/www.tauben-backs.de\/pl\/wp-json\/wp\/v2\/product\/5064","targetHints":{"allow":["GET"]}}],"collection":[{"href":"https:\/\/www.tauben-backs.de\/pl\/wp-json\/wp\/v2\/product"}],"about":[{"href":"https:\/\/www.tauben-backs.de\/pl\/wp-json\/wp\/v2\/types\/product"}],"replies":[{"embeddable":true,"href":"https:\/\/www.tauben-backs.de\/pl\/wp-json\/wp\/v2\/comments?post=5064"}],"wp:featuredmedia":[{"embeddable":true,"href":"https:\/\/www.tauben-backs.de\/pl\/wp-json\/wp\/v2\/media\/4887"}],"wp:attachment":[{"href":"https:\/\/www.tauben-backs.de\/pl\/wp-json\/wp\/v2\/media?parent=5064"}],"wp:term":[{"taxonomy":"product_brand","embeddable":true,"href":"https:\/\/www.tauben-backs.de\/pl\/wp-json\/wp\/v2\/product_brand?post=5064"},{"taxonomy":"product_cat","embeddable":true,"href":"https:\/\/www.tauben-backs.de\/pl\/wp-json\/wp\/v2\/product_cat?post=5064"},{"taxonomy":"product_tag","embeddable":true,"href":"https:\/\/www.tauben-backs.de\/pl\/wp-json\/wp\/v2\/product_tag?post=5064"}],"curies":[{"name":"wp","href":"https:\/\/api.w.org\/{rel}","templated":true}]}}