{"id":4223,"date":"2017-04-26T14:05:01","date_gmt":"2017-05-03T12:05:48","guid":{"rendered":"http:\/\/backs.ocue.de\/?post_type=product&#038;p=4223\/"},"modified":"2026-03-02T12:40:01","modified_gmt":"2026-03-02T11:40:01","slug":"backs-riesenmeisenknoedel-500-g","status":"publish","type":"product","link":"https:\/\/www.tauben-backs.de\/pl\/ogrod\/backs-riesenmeisenknoedel-500-g\/","title":{"rendered":"Backs Riesenmeisenkn\u00f6del 500 g"},"content":{"rendered":"<p>Knedle dla ptak\u00f3w wysokiej jako\u015bci, pakowane pojedy\u0144czo w folii. Z czystego \u0142oju wo\u0142owego<br \/>\nFFA-zawarto\u015b\u0107 (nienasycone kwasy t\u0142uszczowe) 98,5 %.<\/p>\n","protected":false},"excerpt":{"rendered":"<p>Knedle dla ptak\u00f3w wysokiej jako\u015bci, pakowane pojedy\u0144czo w folii. Z czystego \u0142oju wo\u0142owego<br \/>\nFFA-zawarto\u015b\u0107 (nienasycone kwasy t\u0142uszczowe) 98,5 %.<\/p>\n<p>500 g<\/p>\n","protected":false},"featured_media":5538,"comment_status":"closed","ping_status":"closed","template":"","meta":[],"product_brand":[],"product_cat":[260],"product_tag":[],"class_list":{"0":"post-4223","1":"product","2":"type-product","3":"status-publish","4":"has-post-thumbnail","6":"product_cat-ogrod","8":"first","9":"instock","10":"product-type-simple"},"_links":{"self":[{"href":"https:\/\/www.tauben-backs.de\/pl\/wp-json\/wp\/v2\/product\/4223","targetHints":{"allow":["GET"]}}],"collection":[{"href":"https:\/\/www.tauben-backs.de\/pl\/wp-json\/wp\/v2\/product"}],"about":[{"href":"https:\/\/www.tauben-backs.de\/pl\/wp-json\/wp\/v2\/types\/product"}],"replies":[{"embeddable":true,"href":"https:\/\/www.tauben-backs.de\/pl\/wp-json\/wp\/v2\/comments?post=4223"}],"wp:featuredmedia":[{"embeddable":true,"href":"https:\/\/www.tauben-backs.de\/pl\/wp-json\/wp\/v2\/media\/5538"}],"wp:attachment":[{"href":"https:\/\/www.tauben-backs.de\/pl\/wp-json\/wp\/v2\/media?parent=4223"}],"wp:term":[{"taxonomy":"product_brand","embeddable":true,"href":"https:\/\/www.tauben-backs.de\/pl\/wp-json\/wp\/v2\/product_brand?post=4223"},{"taxonomy":"product_cat","embeddable":true,"href":"https:\/\/www.tauben-backs.de\/pl\/wp-json\/wp\/v2\/product_cat?post=4223"},{"taxonomy":"product_tag","embeddable":true,"href":"https:\/\/www.tauben-backs.de\/pl\/wp-json\/wp\/v2\/product_tag?post=4223"}],"curies":[{"name":"wp","href":"https:\/\/api.w.org\/{rel}","templated":true}]}}