{"id":4222,"date":"2017-04-26T14:05:01","date_gmt":"2017-05-03T12:05:23","guid":{"rendered":"http:\/\/backs.ocue.de\/?post_type=product&#038;p=4222\/"},"modified":"2026-03-02T12:39:35","modified_gmt":"2026-03-02T11:39:35","slug":"backs-knedle-dla-ptakow-95-g","status":"publish","type":"product","link":"https:\/\/www.tauben-backs.de\/pl\/ogrod\/backs-knedle-dla-ptakow-95-g\/","title":{"rendered":"Backs knedle dla ptak\u00f3w 95 g"},"content":{"rendered":"","protected":false},"excerpt":{"rendered":"<p>Knedle dla ptak\u00f3w wysokiej jako\u015bci.<\/p>\n<p>1 sztuk<br \/>\n100 sztuk luzem w kartonie<\/p>\n","protected":false},"featured_media":6330,"comment_status":"closed","ping_status":"closed","template":"","meta":[],"product_brand":[],"product_cat":[260],"product_tag":[],"class_list":{"0":"post-4222","1":"product","2":"type-product","3":"status-publish","4":"has-post-thumbnail","6":"product_cat-ogrod","8":"first","9":"instock","10":"product-type-variable"},"_links":{"self":[{"href":"https:\/\/www.tauben-backs.de\/pl\/wp-json\/wp\/v2\/product\/4222","targetHints":{"allow":["GET"]}}],"collection":[{"href":"https:\/\/www.tauben-backs.de\/pl\/wp-json\/wp\/v2\/product"}],"about":[{"href":"https:\/\/www.tauben-backs.de\/pl\/wp-json\/wp\/v2\/types\/product"}],"replies":[{"embeddable":true,"href":"https:\/\/www.tauben-backs.de\/pl\/wp-json\/wp\/v2\/comments?post=4222"}],"wp:featuredmedia":[{"embeddable":true,"href":"https:\/\/www.tauben-backs.de\/pl\/wp-json\/wp\/v2\/media\/6330"}],"wp:attachment":[{"href":"https:\/\/www.tauben-backs.de\/pl\/wp-json\/wp\/v2\/media?parent=4222"}],"wp:term":[{"taxonomy":"product_brand","embeddable":true,"href":"https:\/\/www.tauben-backs.de\/pl\/wp-json\/wp\/v2\/product_brand?post=4222"},{"taxonomy":"product_cat","embeddable":true,"href":"https:\/\/www.tauben-backs.de\/pl\/wp-json\/wp\/v2\/product_cat?post=4222"},{"taxonomy":"product_tag","embeddable":true,"href":"https:\/\/www.tauben-backs.de\/pl\/wp-json\/wp\/v2\/product_tag?post=4222"}],"curies":[{"name":"wp","href":"https:\/\/api.w.org\/{rel}","templated":true}]}}