{"id":4201,"date":"2017-04-26T14:04:54","date_gmt":"2017-05-03T11:59:21","guid":{"rendered":"http:\/\/backs.ocue.de\/?post_type=product&#038;p=4201\/"},"modified":"2026-03-02T12:40:27","modified_gmt":"2026-03-02T11:40:27","slug":"backs-knoblauchoel-olej-czosnkowy-2","status":"publish","type":"product","link":"https:\/\/www.tauben-backs.de\/pl\/psy-i-koty\/backs-knoblauchoel-olej-czosnkowy-2\/","title":{"rendered":"Backs Knoblauch\u00f6l &#8211; olej czosnkowy"},"content":{"rendered":"<p>to naturalny produkt dla ps\u00f3w. Czosnek zawiera naturaln\u0105 substancj\u0119 czynn\u0105 allicyn\u0119. Allicyna znana jest ze swego bakterio- i grzybob\u00f3jczego dzia\u0142ania, tym samym zapobiega chorobom zaka\u017anym. Zawarty w czosnku olejek eteryczny przykrywa zapach kwau mlekowego, kt\u00f3ry niezb\u0119dny jest dla kleszczy i innych paso\u017cyt\u00f3w jako mechanizm wyzwalaj\u0105cy i tym samym zmniejsza pora\u017cenie.<\/p>\n","protected":false},"excerpt":{"rendered":"<p>to naturalny produkt dla ps\u00f3w. Czosnek zawiera naturaln\u0105 substancj\u0119 czynn\u0105 allicyn\u0119. Allicyna znana jest ze swego bakterio- i grzybob\u00f3jczego dzia\u0142ania, tym samym zapobiega chorobom zaka\u017anym. Zawarty w czosnku olejek eteryczny przykrywa zapach kwau mlekowego, kt\u00f3ry niezb\u0119dny jest dla kleszczy i innych paso\u017cyt\u00f3w jako mechanizm wyzwalaj\u0105cy i tym samym zmniejsza pora\u017cenie.<\/p>\n<p>250 ml<\/p>\n","protected":false},"featured_media":8808,"comment_status":"closed","ping_status":"closed","template":"","meta":[],"product_brand":[],"product_cat":[255],"product_tag":[],"class_list":{"0":"post-4201","1":"product","2":"type-product","3":"status-publish","4":"has-post-thumbnail","6":"product_cat-psy-i-koty","8":"first","9":"instock","10":"product-type-simple"},"_links":{"self":[{"href":"https:\/\/www.tauben-backs.de\/pl\/wp-json\/wp\/v2\/product\/4201","targetHints":{"allow":["GET"]}}],"collection":[{"href":"https:\/\/www.tauben-backs.de\/pl\/wp-json\/wp\/v2\/product"}],"about":[{"href":"https:\/\/www.tauben-backs.de\/pl\/wp-json\/wp\/v2\/types\/product"}],"replies":[{"embeddable":true,"href":"https:\/\/www.tauben-backs.de\/pl\/wp-json\/wp\/v2\/comments?post=4201"}],"wp:featuredmedia":[{"embeddable":true,"href":"https:\/\/www.tauben-backs.de\/pl\/wp-json\/wp\/v2\/media\/8808"}],"wp:attachment":[{"href":"https:\/\/www.tauben-backs.de\/pl\/wp-json\/wp\/v2\/media?parent=4201"}],"wp:term":[{"taxonomy":"product_brand","embeddable":true,"href":"https:\/\/www.tauben-backs.de\/pl\/wp-json\/wp\/v2\/product_brand?post=4201"},{"taxonomy":"product_cat","embeddable":true,"href":"https:\/\/www.tauben-backs.de\/pl\/wp-json\/wp\/v2\/product_cat?post=4201"},{"taxonomy":"product_tag","embeddable":true,"href":"https:\/\/www.tauben-backs.de\/pl\/wp-json\/wp\/v2\/product_tag?post=4201"}],"curies":[{"name":"wp","href":"https:\/\/api.w.org\/{rel}","templated":true}]}}