{"id":4184,"date":"2017-04-26T14:04:05","date_gmt":"2017-05-03T11:49:14","guid":{"rendered":"http:\/\/backs.ocue.de\/?post_type=product&#038;p=4184\/"},"modified":"2026-03-03T12:27:50","modified_gmt":"2026-03-03T11:27:50","slug":"nakretki-plastikowe","status":"publish","type":"product","link":"https:\/\/www.tauben-backs.de\/pl\/gryzonie-i-kroliki\/nakretki-plastikowe\/","title":{"rendered":"Nakr\u0119tki plastikowe"},"content":{"rendered":"<p>zielone, \u017c\u00f3\u0142te, czerwone, bia\u0142e lub fioletowe<\/p>\n","protected":false},"excerpt":{"rendered":"<p>zielone, \u017c\u00f3\u0142te, czerwone, bia\u0142e lub fioletowe<\/p>\n","protected":false},"featured_media":5875,"comment_status":"closed","ping_status":"closed","template":"","meta":[],"product_brand":[],"product_cat":[254],"product_tag":[],"class_list":{"0":"post-4184","1":"product","2":"type-product","3":"status-publish","4":"has-post-thumbnail","6":"product_cat-gryzonie-i-kroliki","8":"first","9":"instock","10":"product-type-simple"},"_links":{"self":[{"href":"https:\/\/www.tauben-backs.de\/pl\/wp-json\/wp\/v2\/product\/4184","targetHints":{"allow":["GET"]}}],"collection":[{"href":"https:\/\/www.tauben-backs.de\/pl\/wp-json\/wp\/v2\/product"}],"about":[{"href":"https:\/\/www.tauben-backs.de\/pl\/wp-json\/wp\/v2\/types\/product"}],"replies":[{"embeddable":true,"href":"https:\/\/www.tauben-backs.de\/pl\/wp-json\/wp\/v2\/comments?post=4184"}],"wp:featuredmedia":[{"embeddable":true,"href":"https:\/\/www.tauben-backs.de\/pl\/wp-json\/wp\/v2\/media\/5875"}],"wp:attachment":[{"href":"https:\/\/www.tauben-backs.de\/pl\/wp-json\/wp\/v2\/media?parent=4184"}],"wp:term":[{"taxonomy":"product_brand","embeddable":true,"href":"https:\/\/www.tauben-backs.de\/pl\/wp-json\/wp\/v2\/product_brand?post=4184"},{"taxonomy":"product_cat","embeddable":true,"href":"https:\/\/www.tauben-backs.de\/pl\/wp-json\/wp\/v2\/product_cat?post=4184"},{"taxonomy":"product_tag","embeddable":true,"href":"https:\/\/www.tauben-backs.de\/pl\/wp-json\/wp\/v2\/product_tag?post=4184"}],"curies":[{"name":"wp","href":"https:\/\/api.w.org\/{rel}","templated":true}]}}