{"id":4175,"date":"2017-04-26T14:04:05","date_gmt":"2017-05-03T11:45:42","guid":{"rendered":"http:\/\/backs.ocue.de\/?post_type=product&#038;p=4175\/"},"modified":"2026-03-03T12:24:41","modified_gmt":"2026-03-03T11:24:41","slug":"backs-poidla-dla-gryzoni-z-wieszakiem","status":"publish","type":"product","link":"https:\/\/www.tauben-backs.de\/pl\/gryzonie-i-kroliki\/backs-poidla-dla-gryzoni-z-wieszakiem\/","title":{"rendered":"Backs poid\u0142a dla gryzoni z wieszakiem"},"content":{"rendered":"<p>Dzi\u0119ki sp\u0142aszczeniu butelka przylega ciasno do krat klatki. Ruchomy wieszak pozwala na zamocowanie butelki w dowolnej pozycji. Haczyk bez problemu pasuje do r\u00f3\u017cnych wielko\u015bci oczek siatki, czy te\u017c odst\u0119p\u00f3w mi\u0119dzy kratkami. Rurka \u201eNirosta\u201d, zastosowana w naszych butelkach, to dobre i sprawdzone techniczne rozwi\u0105zanie i skutecznie odcina dop\u0142yw wody. Zwierz\u0119ta mog\u0105 z \u0142atwo\u015bci\u0105 porusza\u0107 j\u0119zykiem kulk\u0119.<\/p>\n<p>Nakr\u0119tki dost\u0119pne s\u0105 w kolorach: bia\u0142y, \u017c\u00f3\u0142ty, czerwony, zielony i fioletowy.<\/p>\n","protected":false},"excerpt":{"rendered":"<p>Dzi\u0119ki sp\u0142aszczeniu butelka przylega ciasno do krat klatki. Ruchomy wieszak pozwala na zamocowanie butelki w dowolnej pozycji. Haczyk bez problemu pasuje do r\u00f3\u017cnych wielko\u015bci oczek siatki, czy te\u017c odst\u0119p\u00f3w mi\u0119dzy kratkami. Rurka \u201eNirosta\u201d, zastosowana w naszych butelkach, to dobre i sprawdzone techniczne rozwi\u0105zanie i skutecznie odcina dop\u0142yw wody. Zwierz\u0119ta mog\u0105 z \u0142atwo\u015bci\u0105 porusza\u0107 j\u0119zykiem kulk\u0119.<\/p>\n<p>Nakr\u0119tki dost\u0119pne s\u0105 w kolorach: bia\u0142y, \u017c\u00f3\u0142ty, czerwony, zielony i fioletowy.<\/p>\n<p>300 ml<br \/>\n550 ml<br \/>\n750 ml<\/p>\n","protected":false},"featured_media":5857,"comment_status":"closed","ping_status":"closed","template":"","meta":[],"product_brand":[],"product_cat":[254],"product_tag":[],"class_list":{"0":"post-4175","1":"product","2":"type-product","3":"status-publish","4":"has-post-thumbnail","6":"product_cat-gryzonie-i-kroliki","8":"first","9":"instock","10":"product-type-variable"},"_links":{"self":[{"href":"https:\/\/www.tauben-backs.de\/pl\/wp-json\/wp\/v2\/product\/4175","targetHints":{"allow":["GET"]}}],"collection":[{"href":"https:\/\/www.tauben-backs.de\/pl\/wp-json\/wp\/v2\/product"}],"about":[{"href":"https:\/\/www.tauben-backs.de\/pl\/wp-json\/wp\/v2\/types\/product"}],"replies":[{"embeddable":true,"href":"https:\/\/www.tauben-backs.de\/pl\/wp-json\/wp\/v2\/comments?post=4175"}],"wp:featuredmedia":[{"embeddable":true,"href":"https:\/\/www.tauben-backs.de\/pl\/wp-json\/wp\/v2\/media\/5857"}],"wp:attachment":[{"href":"https:\/\/www.tauben-backs.de\/pl\/wp-json\/wp\/v2\/media?parent=4175"}],"wp:term":[{"taxonomy":"product_brand","embeddable":true,"href":"https:\/\/www.tauben-backs.de\/pl\/wp-json\/wp\/v2\/product_brand?post=4175"},{"taxonomy":"product_cat","embeddable":true,"href":"https:\/\/www.tauben-backs.de\/pl\/wp-json\/wp\/v2\/product_cat?post=4175"},{"taxonomy":"product_tag","embeddable":true,"href":"https:\/\/www.tauben-backs.de\/pl\/wp-json\/wp\/v2\/product_tag?post=4175"}],"curies":[{"name":"wp","href":"https:\/\/api.w.org\/{rel}","templated":true}]}}