{"id":4174,"date":"2017-04-26T14:03:57","date_gmt":"2017-05-03T11:45:04","guid":{"rendered":"http:\/\/backs.ocue.de\/?post_type=product&#038;p=4174\/"},"modified":"2017-06-01T18:12:06","modified_gmt":"2017-06-01T16:12:06","slug":"karmidlo-poidlo-dla-krolikow-300-ml","status":"publish","type":"product","link":"https:\/\/www.tauben-backs.de\/pl\/gryzonie-i-kroliki\/karmidlo-poidlo-dla-krolikow-300-ml\/","title":{"rendered":"Karmid\u0142o \/ poid\u0142o dla kr\u00f3lik\u00f3w 300 ml"},"content":{"rendered":"<p>z tworzywa sztucznego ABS, stabilne wykonanie, kolor bia\u0142y<\/p>\n","protected":false},"excerpt":{"rendered":"<p>z tworzywa sztucznego ABS, stabilne wykonanie, kolor bia\u0142y<\/p>\n<p>300 ml<\/p>\n","protected":false},"featured_media":2982,"comment_status":"closed","ping_status":"closed","template":"","meta":[],"product_brand":[],"product_cat":[254],"product_tag":[],"class_list":{"0":"post-4174","1":"product","2":"type-product","3":"status-publish","4":"has-post-thumbnail","6":"product_cat-gryzonie-i-kroliki","8":"first","9":"instock","10":"product-type-simple"},"_links":{"self":[{"href":"https:\/\/www.tauben-backs.de\/pl\/wp-json\/wp\/v2\/product\/4174","targetHints":{"allow":["GET"]}}],"collection":[{"href":"https:\/\/www.tauben-backs.de\/pl\/wp-json\/wp\/v2\/product"}],"about":[{"href":"https:\/\/www.tauben-backs.de\/pl\/wp-json\/wp\/v2\/types\/product"}],"replies":[{"embeddable":true,"href":"https:\/\/www.tauben-backs.de\/pl\/wp-json\/wp\/v2\/comments?post=4174"}],"wp:featuredmedia":[{"embeddable":true,"href":"https:\/\/www.tauben-backs.de\/pl\/wp-json\/wp\/v2\/media\/2982"}],"wp:attachment":[{"href":"https:\/\/www.tauben-backs.de\/pl\/wp-json\/wp\/v2\/media?parent=4174"}],"wp:term":[{"taxonomy":"product_brand","embeddable":true,"href":"https:\/\/www.tauben-backs.de\/pl\/wp-json\/wp\/v2\/product_brand?post=4174"},{"taxonomy":"product_cat","embeddable":true,"href":"https:\/\/www.tauben-backs.de\/pl\/wp-json\/wp\/v2\/product_cat?post=4174"},{"taxonomy":"product_tag","embeddable":true,"href":"https:\/\/www.tauben-backs.de\/pl\/wp-json\/wp\/v2\/product_tag?post=4174"}],"curies":[{"name":"wp","href":"https:\/\/api.w.org\/{rel}","templated":true}]}}