{"id":4173,"date":"2017-04-26T14:04:05","date_gmt":"2017-05-03T11:44:34","guid":{"rendered":"http:\/\/backs.ocue.de\/?post_type=product&#038;p=4173\/"},"modified":"2026-03-03T12:24:12","modified_gmt":"2026-03-03T11:24:12","slug":"poidlo-dla-krolikow-2","status":"publish","type":"product","link":"https:\/\/www.tauben-backs.de\/pl\/gryzonie-i-kroliki\/poidlo-dla-krolikow-2\/","title":{"rendered":"Poid\u0142o dla krolik\u00f3w"},"content":{"rendered":"<p><span style=\"font-family: Arial, Helvetica, Univers, 'Zurich BT', sans-serif;\"><span class=\"style3\">szklane, ze zwyk\u0142\u0105 rurk\u0105 aluminiow\u0105.<\/span> <\/span><br \/>\n<br class=\"style12\" \/><br class=\"style12\" \/><span style=\"font-family: Arial, Helvetica, Univers, 'Zurich BT', sans-serif;\">z rurka kulkow\u0105 Nirosta<\/span><\/p>\n","protected":false},"excerpt":{"rendered":"<p>szklane, ze zwyk\u0142\u0105 rurk\u0105 aluminiow\u0105. 500 ml<\/p>\n<p>z rurka kulkow\u0105 Nirosta 500 ml<\/p>\n","protected":false},"featured_media":5860,"comment_status":"closed","ping_status":"closed","template":"","meta":[],"product_brand":[],"product_cat":[254],"product_tag":[],"class_list":{"0":"post-4173","1":"product","2":"type-product","3":"status-publish","4":"has-post-thumbnail","6":"product_cat-gryzonie-i-kroliki","8":"first","9":"instock","10":"product-type-variable"},"_links":{"self":[{"href":"https:\/\/www.tauben-backs.de\/pl\/wp-json\/wp\/v2\/product\/4173","targetHints":{"allow":["GET"]}}],"collection":[{"href":"https:\/\/www.tauben-backs.de\/pl\/wp-json\/wp\/v2\/product"}],"about":[{"href":"https:\/\/www.tauben-backs.de\/pl\/wp-json\/wp\/v2\/types\/product"}],"replies":[{"embeddable":true,"href":"https:\/\/www.tauben-backs.de\/pl\/wp-json\/wp\/v2\/comments?post=4173"}],"wp:featuredmedia":[{"embeddable":true,"href":"https:\/\/www.tauben-backs.de\/pl\/wp-json\/wp\/v2\/media\/5860"}],"wp:attachment":[{"href":"https:\/\/www.tauben-backs.de\/pl\/wp-json\/wp\/v2\/media?parent=4173"}],"wp:term":[{"taxonomy":"product_brand","embeddable":true,"href":"https:\/\/www.tauben-backs.de\/pl\/wp-json\/wp\/v2\/product_brand?post=4173"},{"taxonomy":"product_cat","embeddable":true,"href":"https:\/\/www.tauben-backs.de\/pl\/wp-json\/wp\/v2\/product_cat?post=4173"},{"taxonomy":"product_tag","embeddable":true,"href":"https:\/\/www.tauben-backs.de\/pl\/wp-json\/wp\/v2\/product_tag?post=4173"}],"curies":[{"name":"wp","href":"https:\/\/api.w.org\/{rel}","templated":true}]}}