{"id":4115,"date":"2017-04-26T14:04:20","date_gmt":"2017-05-03T11:09:33","guid":{"rendered":"http:\/\/backs.ocue.de\/?post_type=product&#038;p=4115\/"},"modified":"2026-03-02T12:54:05","modified_gmt":"2026-03-02T11:54:05","slug":"backs-vogelgrit-gryt-dla-ptakow","status":"publish","type":"product","link":"https:\/\/www.tauben-backs.de\/pl\/ptaki\/karmic\/backs-vogelgrit-gryt-dla-ptakow\/","title":{"rendered":"Backs Vogelgrit &#8211; gryt dla ptak\u00f3w"},"content":{"rendered":"<p>o waniliowym aromacie, bardzo drobne uziarnienie<\/p>\n","protected":false},"excerpt":{"rendered":"<p>o aromacie waniliowym, szczeg\u00f3lnie drobno uziarniony.<\/p>\n<p>Backs Vogelgrit \u2013 grit dla ptak\u00f3w zawiera wszystkie minera\u0142y oraz pierwiastki \u015bladowe niezb\u0119dne ptakom do dobrej przemiany materii, stabilnej budowy ko\u015bci oraz dobrego upierzenia. Glony morskie znajduj\u0105ce si\u0119 w Backs Vogelgrit, zawieraj\u0105 ponad 30% wapnia oraz 70 r\u00f3\u017cnych pierwiastk\u00f3w \u015bladowych. Opr\u00f3cz tego, w Backs Vogelgrit znajduj\u0105 si\u0119 kamienie \u017co\u0142\u0105dkowe, kt\u00f3re podczas trawienia zast\u0119puj\u0105 z\u0119by ptaka, jak r\u00f3wnie\u017c skorupki ostryg i muszli jako dodatkowe \u017cr\u00f3d\u0142o wapnia. <\/p>\n<p>1 kg<br \/>\n6-kg-wiaderko<br \/>\n5 kg<\/p>\n","protected":false},"featured_media":5487,"comment_status":"closed","ping_status":"closed","template":"","meta":[],"product_brand":[],"product_cat":[256,257],"product_tag":[],"class_list":{"0":"post-4115","1":"product","2":"type-product","3":"status-publish","4":"has-post-thumbnail","6":"product_cat-ptaki","7":"product_cat-karmic","9":"first","10":"instock","11":"product-type-variable"},"_links":{"self":[{"href":"https:\/\/www.tauben-backs.de\/pl\/wp-json\/wp\/v2\/product\/4115","targetHints":{"allow":["GET"]}}],"collection":[{"href":"https:\/\/www.tauben-backs.de\/pl\/wp-json\/wp\/v2\/product"}],"about":[{"href":"https:\/\/www.tauben-backs.de\/pl\/wp-json\/wp\/v2\/types\/product"}],"replies":[{"embeddable":true,"href":"https:\/\/www.tauben-backs.de\/pl\/wp-json\/wp\/v2\/comments?post=4115"}],"wp:featuredmedia":[{"embeddable":true,"href":"https:\/\/www.tauben-backs.de\/pl\/wp-json\/wp\/v2\/media\/5487"}],"wp:attachment":[{"href":"https:\/\/www.tauben-backs.de\/pl\/wp-json\/wp\/v2\/media?parent=4115"}],"wp:term":[{"taxonomy":"product_brand","embeddable":true,"href":"https:\/\/www.tauben-backs.de\/pl\/wp-json\/wp\/v2\/product_brand?post=4115"},{"taxonomy":"product_cat","embeddable":true,"href":"https:\/\/www.tauben-backs.de\/pl\/wp-json\/wp\/v2\/product_cat?post=4115"},{"taxonomy":"product_tag","embeddable":true,"href":"https:\/\/www.tauben-backs.de\/pl\/wp-json\/wp\/v2\/product_tag?post=4115"}],"curies":[{"name":"wp","href":"https:\/\/api.w.org\/{rel}","templated":true}]}}