{"id":4094,"date":"2017-04-26T14:04:34","date_gmt":"2017-04-26T12:04:34","guid":{"rendered":"http:\/\/backs.ocue.de\/?post_type=product&#038;p=4094\/"},"modified":"2026-04-08T13:28:03","modified_gmt":"2026-04-08T11:28:03","slug":"universal-flaschenhalter-vogeltraenke-uniwersalny-trzymak-do-butelek-poidlo-dla-ptakow","status":"publish","type":"product","link":"https:\/\/www.tauben-backs.de\/pl\/ptaki\/akcesoria-ptaki\/universal-flaschenhalter-vogeltraenke-uniwersalny-trzymak-do-butelek-poidlo-dla-ptakow\/","title":{"rendered":"Universal Flaschenhalter \u2013 Vogeltr\u00e4nke &#8211; uniwersalny trzymak do butelek &#8211; poid\u0142o dla ptak\u00f3w"},"content":{"rendered":"<p>w czerwon\u0105 podstawk\u0119 mo\u017cna wkr\u0119ci\u0107 tradycyjne butelki do picia, o przekroju szyjki 26mm. <span class=\"auto-style2\"><strong>\u00a0<\/strong><\/span><\/p>\n","protected":false},"excerpt":{"rendered":"<p>w czerwon\u0105 podstawk\u0119 mo\u017cna wkr\u0119ci\u0107 tradycyjne butelki do picia, o przekroju szyjki 26mm.  <\/p>\n<p>1 szt.<\/p>\n","protected":false},"featured_media":4356,"comment_status":"closed","ping_status":"closed","template":"","meta":[],"product_brand":[],"product_cat":[256,531],"product_tag":[],"class_list":{"0":"post-4094","1":"product","2":"type-product","3":"status-publish","4":"has-post-thumbnail","6":"product_cat-ptaki","7":"product_cat-akcesoria-ptaki","9":"first","10":"instock","11":"product-type-simple"},"_links":{"self":[{"href":"https:\/\/www.tauben-backs.de\/pl\/wp-json\/wp\/v2\/product\/4094","targetHints":{"allow":["GET"]}}],"collection":[{"href":"https:\/\/www.tauben-backs.de\/pl\/wp-json\/wp\/v2\/product"}],"about":[{"href":"https:\/\/www.tauben-backs.de\/pl\/wp-json\/wp\/v2\/types\/product"}],"replies":[{"embeddable":true,"href":"https:\/\/www.tauben-backs.de\/pl\/wp-json\/wp\/v2\/comments?post=4094"}],"wp:featuredmedia":[{"embeddable":true,"href":"https:\/\/www.tauben-backs.de\/pl\/wp-json\/wp\/v2\/media\/4356"}],"wp:attachment":[{"href":"https:\/\/www.tauben-backs.de\/pl\/wp-json\/wp\/v2\/media?parent=4094"}],"wp:term":[{"taxonomy":"product_brand","embeddable":true,"href":"https:\/\/www.tauben-backs.de\/pl\/wp-json\/wp\/v2\/product_brand?post=4094"},{"taxonomy":"product_cat","embeddable":true,"href":"https:\/\/www.tauben-backs.de\/pl\/wp-json\/wp\/v2\/product_cat?post=4094"},{"taxonomy":"product_tag","embeddable":true,"href":"https:\/\/www.tauben-backs.de\/pl\/wp-json\/wp\/v2\/product_tag?post=4094"}],"curies":[{"name":"wp","href":"https:\/\/api.w.org\/{rel}","templated":true}]}}