{"id":4093,"date":"2017-04-26T14:04:20","date_gmt":"2017-05-03T11:03:41","guid":{"rendered":"http:\/\/backs.ocue.de\/?post_type=product&#038;p=4093\/"},"modified":"2019-07-03T09:45:06","modified_gmt":"2019-07-03T07:45:06","slug":"backs-allround-vogelstein-uniwersalny-kamien-do-dziobania-dla-ptakow","status":"publish","type":"product","link":"https:\/\/www.tauben-backs.de\/pl\/ptaki\/karmic\/backs-allround-vogelstein-uniwersalny-kamien-do-dziobania-dla-ptakow\/","title":{"rendered":"Backs Allround-Vogelstein &#8211; Uniwersalny kamie\u0144 do dziobania"},"content":{"rendered":"<p>Dla wszystkich du\u017cych i ma\u0142ych ptak\u00f3w, preferuj\u0105cych kamienie o mi\u0119kkiej konsystencji, <strong>zawiera kaolin<\/strong>.<\/p>\n","protected":false},"excerpt":{"rendered":"<p>Dla gatunk\u00f3w ptak\u00f3w preferuj\u0105cych mi\u0119kk\u0105 konsystencj\u0119 kamienia. Dzi\u0119ki zawarto\u015bci wielu naturalnych substancji mineralnych zapobiega niedoborom powoduj\u0105cym wadliw\u0105 budow\u0119 uk\u0142adu kostnego oraz skorupki jaj. Ponadto kamie\u0144 stosowany ca\u0142orocznie wspiera naturalne, r\u00f3wnomierne zcieranie dzioba.<\/p>\n<p><strong>Uniwersalny kamie\u0144 do dziobania\u00a0<\/strong>Mieszanka mineralna dla ptak\u00f3w ozdobnych<\/p>\n<p><strong>Sk\u0142ad<\/strong><strong>: <\/strong>w\u0119glan wapnia, fosforan dwuwapniowy, wapienne muszle morskie, kwa\u015bny w\u0119glan wapnia z alg morskich, kwarc<\/p>\n<p><strong>Sk\u0142adniki analityczne<\/strong><strong>:\u00a0<\/strong>30,1 % Wap\u0144,\u00a014,1 % Popi\u00f3\u0142 nierozpuszczalny w kwasie chlorowodorowym,\u00a03,48 % Fosfor,\u00a00,33 % S\u00f3d<\/p>\n<p><strong>Instrukcje prawid\u0142owego stosowania<\/strong><strong>:<\/strong> Nale\u017cy zapewni\u0107 ptakom sta\u0142y, wolny dost\u0119p do kamienia do dziobania.<\/p>\n<p>Przechowywa\u0107 w suchym miejscu!<\/p>\n<p><strong>Ilo\u015b\u0107 netto: 4 x 240 g<\/strong><\/p>\n","protected":false},"featured_media":8358,"comment_status":"closed","ping_status":"closed","template":"","meta":[],"product_brand":[],"product_cat":[256,257],"product_tag":[],"class_list":{"0":"post-4093","1":"product","2":"type-product","3":"status-publish","4":"has-post-thumbnail","6":"product_cat-ptaki","7":"product_cat-karmic","9":"first","10":"instock","11":"product-type-simple"},"_links":{"self":[{"href":"https:\/\/www.tauben-backs.de\/pl\/wp-json\/wp\/v2\/product\/4093","targetHints":{"allow":["GET"]}}],"collection":[{"href":"https:\/\/www.tauben-backs.de\/pl\/wp-json\/wp\/v2\/product"}],"about":[{"href":"https:\/\/www.tauben-backs.de\/pl\/wp-json\/wp\/v2\/types\/product"}],"replies":[{"embeddable":true,"href":"https:\/\/www.tauben-backs.de\/pl\/wp-json\/wp\/v2\/comments?post=4093"}],"wp:featuredmedia":[{"embeddable":true,"href":"https:\/\/www.tauben-backs.de\/pl\/wp-json\/wp\/v2\/media\/8358"}],"wp:attachment":[{"href":"https:\/\/www.tauben-backs.de\/pl\/wp-json\/wp\/v2\/media?parent=4093"}],"wp:term":[{"taxonomy":"product_brand","embeddable":true,"href":"https:\/\/www.tauben-backs.de\/pl\/wp-json\/wp\/v2\/product_brand?post=4093"},{"taxonomy":"product_cat","embeddable":true,"href":"https:\/\/www.tauben-backs.de\/pl\/wp-json\/wp\/v2\/product_cat?post=4093"},{"taxonomy":"product_tag","embeddable":true,"href":"https:\/\/www.tauben-backs.de\/pl\/wp-json\/wp\/v2\/product_tag?post=4093"}],"curies":[{"name":"wp","href":"https:\/\/api.w.org\/{rel}","templated":true}]}}