{"id":4091,"date":"2017-04-26T14:04:20","date_gmt":"2017-05-03T11:02:48","guid":{"rendered":"http:\/\/backs.ocue.de\/?post_type=product&#038;p=4091\/"},"modified":"2026-03-02T12:51:04","modified_gmt":"2026-03-02T11:51:04","slug":"backs-vogelstein-fuer-papageien-und-grosssittiche-kamien-do-dziobania-dla-papug-duzych","status":"publish","type":"product","link":"https:\/\/www.tauben-backs.de\/pl\/ptaki\/karmic\/backs-vogelstein-fuer-papageien-und-grosssittiche-kamien-do-dziobania-dla-papug-duzych\/","title":{"rendered":"Backs Papageien- und Gro\u00dfsittichstein &#8211; Kamie\u0144 do dziobania dla papug du\u017cych"},"content":{"rendered":"<p>Kamie\u0144 o twardej konsystencji, zawiera kaolin.<\/p>\n","protected":false},"excerpt":{"rendered":"<p>dla wszystkich ptak\u00f3w preferuj\u0105cych twarde kamienie do dziobania. Dzi\u0119ki zawarto\u015bci wielu naturalnych substancji mineralnych zapobiega niedoborom powoduj\u0105cym wadliw\u0105 budow\u0119 uk\u0142adu kostnego oraz skorupki jaj. Ponadto kamie\u0144 stosowany ca\u0142orocznie wspiera naturalne, r\u00f3wnomierne zcieranie dzioba.<\/p>\n<p><strong>Kamie\u0144 do dziobania dla papug du\u017cych\u00a0<\/strong>Mieszanka mineralna dla ptak\u00f3w ozdobnych<\/p>\n<p><strong>Sk\u0142ad<\/strong><strong>: <\/strong>w\u0119glan wapnia, wapienne muszle morskie, fosforan dwuwapniowy, kwarc, chlorek sodu<\/p>\n<p><strong>Sk\u0142adniki analityczne<\/strong><strong>:\u00a0<\/strong>30,7 % Wap\u0144,\u00a07,85 % Popi\u00f3\u0142 nierozpuszczalny w kwasie, hlorowodorowym,\u00a02,98 % Fosfor,\u00a01,06 % S\u00f3d<\/p>\n<p><strong>Instrukcje prawid\u0142owego stosowania<\/strong><strong>:<\/strong> Nale\u017cy zapewni\u0107 ptakom sta\u0142y, wolny dost\u0119p do kamienia do dziobania.<\/p>\n<p>Przechowywa\u0107 w suchym miejscu!<\/p>\n<p><strong>Ilo\u015b\u0107 netto: 2 x 480 g<\/strong><\/p>\n","protected":false},"featured_media":8366,"comment_status":"closed","ping_status":"closed","template":"","meta":[],"product_brand":[],"product_cat":[256,257],"product_tag":[],"class_list":{"0":"post-4091","1":"product","2":"type-product","3":"status-publish","4":"has-post-thumbnail","6":"product_cat-ptaki","7":"product_cat-karmic","9":"first","10":"instock","11":"product-type-simple"},"_links":{"self":[{"href":"https:\/\/www.tauben-backs.de\/pl\/wp-json\/wp\/v2\/product\/4091","targetHints":{"allow":["GET"]}}],"collection":[{"href":"https:\/\/www.tauben-backs.de\/pl\/wp-json\/wp\/v2\/product"}],"about":[{"href":"https:\/\/www.tauben-backs.de\/pl\/wp-json\/wp\/v2\/types\/product"}],"replies":[{"embeddable":true,"href":"https:\/\/www.tauben-backs.de\/pl\/wp-json\/wp\/v2\/comments?post=4091"}],"wp:featuredmedia":[{"embeddable":true,"href":"https:\/\/www.tauben-backs.de\/pl\/wp-json\/wp\/v2\/media\/8366"}],"wp:attachment":[{"href":"https:\/\/www.tauben-backs.de\/pl\/wp-json\/wp\/v2\/media?parent=4091"}],"wp:term":[{"taxonomy":"product_brand","embeddable":true,"href":"https:\/\/www.tauben-backs.de\/pl\/wp-json\/wp\/v2\/product_brand?post=4091"},{"taxonomy":"product_cat","embeddable":true,"href":"https:\/\/www.tauben-backs.de\/pl\/wp-json\/wp\/v2\/product_cat?post=4091"},{"taxonomy":"product_tag","embeddable":true,"href":"https:\/\/www.tauben-backs.de\/pl\/wp-json\/wp\/v2\/product_tag?post=4091"}],"curies":[{"name":"wp","href":"https:\/\/api.w.org\/{rel}","templated":true}]}}