{"id":4088,"date":"2017-04-26T14:03:57","date_gmt":"2017-04-26T12:03:57","guid":{"rendered":"http:\/\/backs.ocue.de\/?post_type=product&#038;p=4088\/"},"modified":"2026-03-03T12:29:41","modified_gmt":"2026-03-03T11:29:41","slug":"korytko-na-karme-dla-niosek-z-tworzywa-sztucznego-z-kratka","status":"publish","type":"product","link":"https:\/\/www.tauben-backs.de\/pl\/drob-ozdobny\/akcesoria-pl\/korytko-na-karme-dla-niosek-z-tworzywa-sztucznego-z-kratka\/","title":{"rendered":"Korytko na karm\u0119 dla niosek z tworzywa sztucznego z kratk\u0105"},"content":{"rendered":"<p><span style=\"color: #0066ff; font-family: Arial, Helvetica, Univers, 'Zurich BT', sans-serif;\"><span style=\"font-family: Arial; font-size: small;\"><span class=\"auto-style5\">szeroko\u015bc korytka<\/span><\/span><\/span>\u00a0\u00a0\u00a0\u00a0\u00a0\u00a0 18 cm<br \/>\ng\u0142\u0119boko\u015b\u0107 korytka\u00a0\u00a0\u00a0\u00a0\u00a0\u00a0\u00a0\u00a0 10 cm<br \/>\nodst\u0119p mi\u0119dzy kratkami\u00a0\u00a0 6,5 cm<\/p>\n","protected":false},"excerpt":{"rendered":"<p>szeroko\u015bc korytka       18 cm<br \/>\ng\u0142\u0119boko\u015b\u0107 korytka         10 cm<br \/>\nodst\u0119p mi\u0119dzy kratkami   6,5 cm<\/p>\n","protected":false},"featured_media":2972,"comment_status":"closed","ping_status":"closed","template":"","meta":[],"product_brand":[],"product_cat":[248,253],"product_tag":[],"class_list":{"0":"post-4088","1":"product","2":"type-product","3":"status-publish","4":"has-post-thumbnail","6":"product_cat-drob-ozdobny","7":"product_cat-akcesoria-pl","9":"first","10":"instock","11":"product-type-variable"},"_links":{"self":[{"href":"https:\/\/www.tauben-backs.de\/pl\/wp-json\/wp\/v2\/product\/4088","targetHints":{"allow":["GET"]}}],"collection":[{"href":"https:\/\/www.tauben-backs.de\/pl\/wp-json\/wp\/v2\/product"}],"about":[{"href":"https:\/\/www.tauben-backs.de\/pl\/wp-json\/wp\/v2\/types\/product"}],"replies":[{"embeddable":true,"href":"https:\/\/www.tauben-backs.de\/pl\/wp-json\/wp\/v2\/comments?post=4088"}],"wp:featuredmedia":[{"embeddable":true,"href":"https:\/\/www.tauben-backs.de\/pl\/wp-json\/wp\/v2\/media\/2972"}],"wp:attachment":[{"href":"https:\/\/www.tauben-backs.de\/pl\/wp-json\/wp\/v2\/media?parent=4088"}],"wp:term":[{"taxonomy":"product_brand","embeddable":true,"href":"https:\/\/www.tauben-backs.de\/pl\/wp-json\/wp\/v2\/product_brand?post=4088"},{"taxonomy":"product_cat","embeddable":true,"href":"https:\/\/www.tauben-backs.de\/pl\/wp-json\/wp\/v2\/product_cat?post=4088"},{"taxonomy":"product_tag","embeddable":true,"href":"https:\/\/www.tauben-backs.de\/pl\/wp-json\/wp\/v2\/product_tag?post=4088"}],"curies":[{"name":"wp","href":"https:\/\/api.w.org\/{rel}","templated":true}]}}