{"id":4085,"date":"2017-04-26T14:03:57","date_gmt":"2017-04-26T12:03:57","guid":{"rendered":"http:\/\/backs.ocue.de\/?post_type=product&#038;p=4085\/"},"modified":"2019-07-11T10:12:55","modified_gmt":"2019-07-11T08:12:55","slug":"korytko-na-karme-dla-mlodych-kur-z-tworzywa-sztucznego-z-kratka","status":"publish","type":"product","link":"https:\/\/www.tauben-backs.de\/pl\/drob-ozdobny\/akcesoria-pl\/korytko-na-karme-dla-mlodych-kur-z-tworzywa-sztucznego-z-kratka\/","title":{"rendered":"Korytko na karm\u0119 dla m\u0142odych kur z tworzywa sztucznego z kratk\u0105"},"content":{"rendered":"<p>szeroko\u015bc korytka\u00a0\u00a0\u00a0\u00a0\u00a0\u00a0\u00a0 10 cm<br \/>\ng\u0142\u0119boko\u015b\u0107 korytka\u00a0\u00a0\u00a0\u00a0\u00a0\u00a0\u00a0\u00a0\u00a0\u00a0\u00a0 7 cm<br \/>\nodst\u0119p mi\u0119dzy kratkami\u00a0\u00a0 5,5 cm<\/p>\n","protected":false},"excerpt":{"rendered":"<p>szeroko\u015bc korytka\u00a0\u00a0\u00a0\u00a0\u00a0\u00a0\u00a0 10 cm<br \/>\ng\u0142\u0119boko\u015b\u0107 korytka\u00a0\u00a0\u00a0\u00a0\u00a0\u00a0\u00a0\u00a0\u00a0\u00a0\u00a0 7 cm<br \/>\nodst\u0119p mi\u0119dzy kratkami\u00a0\u00a0 5,5 cm<\/p>\n<p>50 cm<br \/>\n75 cm<\/p>\n","protected":false},"featured_media":2970,"comment_status":"closed","ping_status":"closed","template":"","meta":[],"product_brand":[],"product_cat":[248,253],"product_tag":[],"class_list":{"0":"post-4085","1":"product","2":"type-product","3":"status-publish","4":"has-post-thumbnail","6":"product_cat-drob-ozdobny","7":"product_cat-akcesoria-pl","9":"first","10":"instock","11":"product-type-variable"},"_links":{"self":[{"href":"https:\/\/www.tauben-backs.de\/pl\/wp-json\/wp\/v2\/product\/4085","targetHints":{"allow":["GET"]}}],"collection":[{"href":"https:\/\/www.tauben-backs.de\/pl\/wp-json\/wp\/v2\/product"}],"about":[{"href":"https:\/\/www.tauben-backs.de\/pl\/wp-json\/wp\/v2\/types\/product"}],"replies":[{"embeddable":true,"href":"https:\/\/www.tauben-backs.de\/pl\/wp-json\/wp\/v2\/comments?post=4085"}],"wp:featuredmedia":[{"embeddable":true,"href":"https:\/\/www.tauben-backs.de\/pl\/wp-json\/wp\/v2\/media\/2970"}],"wp:attachment":[{"href":"https:\/\/www.tauben-backs.de\/pl\/wp-json\/wp\/v2\/media?parent=4085"}],"wp:term":[{"taxonomy":"product_brand","embeddable":true,"href":"https:\/\/www.tauben-backs.de\/pl\/wp-json\/wp\/v2\/product_brand?post=4085"},{"taxonomy":"product_cat","embeddable":true,"href":"https:\/\/www.tauben-backs.de\/pl\/wp-json\/wp\/v2\/product_cat?post=4085"},{"taxonomy":"product_tag","embeddable":true,"href":"https:\/\/www.tauben-backs.de\/pl\/wp-json\/wp\/v2\/product_tag?post=4085"}],"curies":[{"name":"wp","href":"https:\/\/api.w.org\/{rel}","templated":true}]}}