{"id":4068,"date":"2017-04-26T14:03:49","date_gmt":"2017-04-26T12:03:49","guid":{"rendered":"http:\/\/backs.ocue.de\/?post_type=product&#038;p=4068\/"},"modified":"2026-03-03T12:39:05","modified_gmt":"2026-03-03T11:39:05","slug":"karmidlo-plastik","status":"publish","type":"product","link":"https:\/\/www.tauben-backs.de\/pl\/drob-ozdobny\/akcesoria-pl\/karmidlo-plastik\/","title":{"rendered":"Karmid\u0142o, plastik"},"content":{"rendered":"<p>do skarmiania wszelkich rodzaj\u00f3w paszy, takich jak ziaren, paszy prasowanej, maczki. Karmid\u0142o mo\u017cna \u0142atwo nape\u0142ni\u0107 od\u00a0 g\u00f3ry i zawiesi\u0107. W dolnej cz\u0119\u015bci wydzielone przedzia\u0142y powoduj\u0105, \u017ce ptaki nie walcz\u0105 ze soba o pasz\u0119. Karmid\u0142o wyposa\u017cone jest w regulacj\u0119 zbiornika na karm\u0119, poprzez zmian\u0119 wysoko\u015bci, zmienia si\u0119 szybko\u015b\u0107 zsuwania si\u0119 karmy.<\/p>\n","protected":false},"excerpt":{"rendered":"<p>do skarmiania wszelkich rodzaj\u00f3w paszy, takich jak ziaren, paszy prasowanej, maczki. Karmid\u0142o mo\u017cna \u0142atwo nape\u0142ni\u0107 od\u00a0 g\u00f3ry i zawiesi\u0107. W dolnej cz\u0119\u015bci wydzielone przedzia\u0142y powoduj\u0105, \u017ce ptaki nie walcz\u0105 ze soba o pasz\u0119. Karmid\u0142o wyposa\u017cone jest w regulacj\u0119 zbiornika na karm\u0119, poprzez zmian\u0119 wysoko\u015bci, zmienia si\u0119 szybko\u015b\u0107 zsuwania si\u0119 karmy.<\/p>\n<p>5 kg<br \/>\n18 kg<\/p>\n","protected":false},"featured_media":2958,"comment_status":"closed","ping_status":"closed","template":"","meta":[],"product_brand":[],"product_cat":[248,253],"product_tag":[],"class_list":{"0":"post-4068","1":"product","2":"type-product","3":"status-publish","4":"has-post-thumbnail","6":"product_cat-drob-ozdobny","7":"product_cat-akcesoria-pl","9":"first","10":"instock","11":"product-type-variable"},"_links":{"self":[{"href":"https:\/\/www.tauben-backs.de\/pl\/wp-json\/wp\/v2\/product\/4068","targetHints":{"allow":["GET"]}}],"collection":[{"href":"https:\/\/www.tauben-backs.de\/pl\/wp-json\/wp\/v2\/product"}],"about":[{"href":"https:\/\/www.tauben-backs.de\/pl\/wp-json\/wp\/v2\/types\/product"}],"replies":[{"embeddable":true,"href":"https:\/\/www.tauben-backs.de\/pl\/wp-json\/wp\/v2\/comments?post=4068"}],"wp:featuredmedia":[{"embeddable":true,"href":"https:\/\/www.tauben-backs.de\/pl\/wp-json\/wp\/v2\/media\/2958"}],"wp:attachment":[{"href":"https:\/\/www.tauben-backs.de\/pl\/wp-json\/wp\/v2\/media?parent=4068"}],"wp:term":[{"taxonomy":"product_brand","embeddable":true,"href":"https:\/\/www.tauben-backs.de\/pl\/wp-json\/wp\/v2\/product_brand?post=4068"},{"taxonomy":"product_cat","embeddable":true,"href":"https:\/\/www.tauben-backs.de\/pl\/wp-json\/wp\/v2\/product_cat?post=4068"},{"taxonomy":"product_tag","embeddable":true,"href":"https:\/\/www.tauben-backs.de\/pl\/wp-json\/wp\/v2\/product_tag?post=4068"}],"curies":[{"name":"wp","href":"https:\/\/api.w.org\/{rel}","templated":true}]}}