{"id":4060,"date":"2017-04-26T14:03:31","date_gmt":"2017-04-26T12:03:31","guid":{"rendered":"http:\/\/backs.ocue.de\/?post_type=product&#038;p=4060\/"},"modified":"2017-06-01T16:46:00","modified_gmt":"2017-06-01T14:46:00","slug":"klosz-ochronny-do-promiennika-podczerwieni","status":"publish","type":"product","link":"https:\/\/www.tauben-backs.de\/pl\/drob-ozdobny\/akcesoria-pl\/klosz-ochronny-do-promiennika-podczerwieni\/","title":{"rendered":"Klosz ochronny do promiennika podczerwieni"},"content":{"rendered":"<p>klosz metalowy, \u0142a\u0144cuch o d\u0142ugo\u015bci 2m z karabi\u0144czykiem.<br \/>\nOprawka E27, d\u0142ugo\u015b\u0107 kabla 5m, ochrona przed wilgoci\u0105, izolowana. <strong>Sprawdzona przez Nimiecki Zwi\u0105zek Elektrotechniki, Elektroniki i Tchniki informacyjnej.<\/strong><\/p>\n","protected":false},"excerpt":{"rendered":"<p>klosz metalowy, \u0142a\u0144cuch o d\u0142ugo\u015bci 2m z karabi\u0144czykiem.<br \/>\nOprawka E27, d\u0142ugo\u015b\u0107 kabla 5m, ochrona przed wilgoci\u0105, izolowana. <strong>Sprawdzona przez Nimiecki Zwi\u0105zek Elektrotechniki, Elektroniki i Tchniki informacyjnej.<\/strong><\/p>\n","protected":false},"featured_media":2946,"comment_status":"closed","ping_status":"closed","template":"","meta":[],"product_brand":[],"product_cat":[248,253],"product_tag":[],"class_list":{"0":"post-4060","1":"product","2":"type-product","3":"status-publish","4":"has-post-thumbnail","6":"product_cat-drob-ozdobny","7":"product_cat-akcesoria-pl","9":"first","10":"instock","11":"product-type-simple"},"_links":{"self":[{"href":"https:\/\/www.tauben-backs.de\/pl\/wp-json\/wp\/v2\/product\/4060","targetHints":{"allow":["GET"]}}],"collection":[{"href":"https:\/\/www.tauben-backs.de\/pl\/wp-json\/wp\/v2\/product"}],"about":[{"href":"https:\/\/www.tauben-backs.de\/pl\/wp-json\/wp\/v2\/types\/product"}],"replies":[{"embeddable":true,"href":"https:\/\/www.tauben-backs.de\/pl\/wp-json\/wp\/v2\/comments?post=4060"}],"wp:featuredmedia":[{"embeddable":true,"href":"https:\/\/www.tauben-backs.de\/pl\/wp-json\/wp\/v2\/media\/2946"}],"wp:attachment":[{"href":"https:\/\/www.tauben-backs.de\/pl\/wp-json\/wp\/v2\/media?parent=4060"}],"wp:term":[{"taxonomy":"product_brand","embeddable":true,"href":"https:\/\/www.tauben-backs.de\/pl\/wp-json\/wp\/v2\/product_brand?post=4060"},{"taxonomy":"product_cat","embeddable":true,"href":"https:\/\/www.tauben-backs.de\/pl\/wp-json\/wp\/v2\/product_cat?post=4060"},{"taxonomy":"product_tag","embeddable":true,"href":"https:\/\/www.tauben-backs.de\/pl\/wp-json\/wp\/v2\/product_tag?post=4060"}],"curies":[{"name":"wp","href":"https:\/\/api.w.org\/{rel}","templated":true}]}}