{"id":4034,"date":"2017-04-26T14:03:08","date_gmt":"2017-05-03T10:41:47","guid":{"rendered":"http:\/\/backs.ocue.de\/?post_type=product&#038;p=4034\/"},"modified":"2017-06-01T16:20:16","modified_gmt":"2017-06-01T14:20:16","slug":"backs-bierhefe-fuer-rassegefluegel-und-tauben-drozdze-piwne-dla-drobiu-rasowego-i-golebi","status":"publish","type":"product","link":"https:\/\/www.tauben-backs.de\/pl\/drob-ozdobny\/produkty-budulcowe-i-wzmacniajace-dla-drobiu\/backs-bierhefe-fuer-rassegefluegel-und-tauben-drozdze-piwne-dla-drobiu-rasowego-i-golebi\/","title":{"rendered":"Backs Bierhefe f\u00fcr Rassegefl\u00fcgel und Tauben &#8211; dro\u017cd\u017ce piwne dla drobiu rasowego i go\u0142\u0119bi"},"content":{"rendered":"<p>Dro\u017cd\u017ce piwne zaliczaj\u0105 si\u0119 niew\u0105tpliwie do najbardziej warto\u015bciowych, znanych nam produkt\u00f3w naturalnych.<strong>Backs Bierhefe<\/strong> zawieraj\u0105 aminokwasy, minera\u0142y, pierwiastki \u015bladowe oraz witaminy kompleksu B w wysokiej koncentracji. Dlatego dro\u017cd\u017ce piwne s\u0105 wy\u015bmienitym produktem na okres godowy, ch\u00f3w m\u0142odych ptak\u00f3w oraz pierzenie. Poza tym udowodniono, \u017ce dro\u017cd\u017ce piwne maj\u0105 pozytywny wp\u0142yw na znoszenie jaj, zap\u0142odnienie oraz zdolno\u015b\u0107 wyklucia piskl\u0105t. <strong>Backs Bierhefe<\/strong>najlepiej zmiesza\u0107 z pasz\u0105 mi\u0119kk\u0105, \u015brutk\u0105 dla niosek lub zwi\u0105za\u0107 za pomoc\u0105 olejku z pasz\u0105 ziarnist\u0105 lub prasowan\u0105.<\/p>\n","protected":false},"excerpt":{"rendered":"<p>Dro\u017cd\u017ce piwne zaliczaj\u0105 si\u0119 niew\u0105tpliwie do najbardziej warto\u015bciowych, znanych nam produkt\u00f3w naturalnych.Backs Bierhefe zawieraj\u0105 aminokwasy, minera\u0142y, pierwiastki \u015bladowe oraz witaminy kompleksu B w wysokiej koncentracji. Dlatego dro\u017cd\u017ce piwne s\u0105 wy\u015bmienitym produktem na okres godowy, ch\u00f3w m\u0142odych ptak\u00f3w oraz pierzenie. Poza tym udowodniono, \u017ce dro\u017cd\u017ce piwne maj\u0105 pozytywny wp\u0142yw na znoszenie jaj, zap\u0142odnienie oraz zdolno\u015b\u0107 wyklucia piskl\u0105t. Backs Bierhefe najlepiej zmiesza\u0107 z pasz\u0105 mi\u0119kk\u0105, \u015brutk\u0105 dla niosek lub zwi\u0105za\u0107 za pomoc\u0105 olejku z pasz\u0105 ziarnist\u0105 lub prasowan\u0105. <\/p>\n<p>4 kg<br \/>\n25 kg<\/p>\n","protected":false},"featured_media":5845,"comment_status":"closed","ping_status":"closed","template":"","meta":[],"product_brand":[],"product_cat":[248,250],"product_tag":[],"class_list":{"0":"post-4034","1":"product","2":"type-product","3":"status-publish","4":"has-post-thumbnail","6":"product_cat-drob-ozdobny","7":"product_cat-produkty-budulcowe-i-wzmacniajace-dla-drobiu","9":"first","10":"instock","11":"product-type-variable"},"_links":{"self":[{"href":"https:\/\/www.tauben-backs.de\/pl\/wp-json\/wp\/v2\/product\/4034","targetHints":{"allow":["GET"]}}],"collection":[{"href":"https:\/\/www.tauben-backs.de\/pl\/wp-json\/wp\/v2\/product"}],"about":[{"href":"https:\/\/www.tauben-backs.de\/pl\/wp-json\/wp\/v2\/types\/product"}],"replies":[{"embeddable":true,"href":"https:\/\/www.tauben-backs.de\/pl\/wp-json\/wp\/v2\/comments?post=4034"}],"wp:featuredmedia":[{"embeddable":true,"href":"https:\/\/www.tauben-backs.de\/pl\/wp-json\/wp\/v2\/media\/5845"}],"wp:attachment":[{"href":"https:\/\/www.tauben-backs.de\/pl\/wp-json\/wp\/v2\/media?parent=4034"}],"wp:term":[{"taxonomy":"product_brand","embeddable":true,"href":"https:\/\/www.tauben-backs.de\/pl\/wp-json\/wp\/v2\/product_brand?post=4034"},{"taxonomy":"product_cat","embeddable":true,"href":"https:\/\/www.tauben-backs.de\/pl\/wp-json\/wp\/v2\/product_cat?post=4034"},{"taxonomy":"product_tag","embeddable":true,"href":"https:\/\/www.tauben-backs.de\/pl\/wp-json\/wp\/v2\/product_tag?post=4034"}],"curies":[{"name":"wp","href":"https:\/\/api.w.org\/{rel}","templated":true}]}}