{"id":4032,"date":"2017-04-26T14:03:08","date_gmt":"2017-05-03T10:40:29","guid":{"rendered":"http:\/\/backs.ocue.de\/?post_type=product&#038;p=4032\/"},"modified":"2017-06-01T16:18:08","modified_gmt":"2017-06-01T14:18:08","slug":"backs-multivitamin-fuer-rassetauben-multiwitamina-dla-golebi-rasowych","status":"publish","type":"product","link":"https:\/\/www.tauben-backs.de\/pl\/drob-ozdobny\/produkty-budulcowe-i-wzmacniajace-dla-drobiu\/backs-multivitamin-fuer-rassetauben-multiwitamina-dla-golebi-rasowych\/","title":{"rendered":"Backs Multivitamin f\u00fcr Rassetauben &#8211; Multiwitamina dla go\u0142\u0119bi rasowych"},"content":{"rendered":"<p>Backs Multivitamin f\u00fcr Rassetauben to preparat witaminowy stworzony specjalnie dla go\u0142\u0119bi rasowych. <strong>Backs Multivitamin<\/strong>dla go\u0142\u0119bi rasowych nale\u017cy stosowa\u0107 w okresie zwi\u0119kszonego obci\u0105\u017cenia uk\u0142adu przemiany materii, to znaczy w okresie chowu, pierzenia, przed i po wystawach oraz po kuracjach farmakologicznych i szczepieniach.<\/p>\n","protected":false},"excerpt":{"rendered":"<p>Backs Multivitamin f\u00fcr Rassetauben to preparat witaminowy stworzony specjalnie dla go\u0142\u0119bi rasowych. Backs Multivitamin dla go\u0142\u0119bi rasowych nale\u017cy stosowa\u0107 w okresie zwi\u0119kszonego obci\u0105\u017cenia uk\u0142adu przemiany materii, to znaczy w okresie chowu, pierzenia, przed i po wystawach oraz po kuracjach farmakologicznych i szczepieniach.<\/p>\n<p>250 ml<\/p>\n","protected":false},"featured_media":8898,"comment_status":"closed","ping_status":"closed","template":"","meta":[],"product_brand":[],"product_cat":[248,250],"product_tag":[],"class_list":{"0":"post-4032","1":"product","2":"type-product","3":"status-publish","4":"has-post-thumbnail","6":"product_cat-drob-ozdobny","7":"product_cat-produkty-budulcowe-i-wzmacniajace-dla-drobiu","9":"first","10":"instock","11":"product-type-simple"},"_links":{"self":[{"href":"https:\/\/www.tauben-backs.de\/pl\/wp-json\/wp\/v2\/product\/4032","targetHints":{"allow":["GET"]}}],"collection":[{"href":"https:\/\/www.tauben-backs.de\/pl\/wp-json\/wp\/v2\/product"}],"about":[{"href":"https:\/\/www.tauben-backs.de\/pl\/wp-json\/wp\/v2\/types\/product"}],"replies":[{"embeddable":true,"href":"https:\/\/www.tauben-backs.de\/pl\/wp-json\/wp\/v2\/comments?post=4032"}],"wp:featuredmedia":[{"embeddable":true,"href":"https:\/\/www.tauben-backs.de\/pl\/wp-json\/wp\/v2\/media\/8898"}],"wp:attachment":[{"href":"https:\/\/www.tauben-backs.de\/pl\/wp-json\/wp\/v2\/media?parent=4032"}],"wp:term":[{"taxonomy":"product_brand","embeddable":true,"href":"https:\/\/www.tauben-backs.de\/pl\/wp-json\/wp\/v2\/product_brand?post=4032"},{"taxonomy":"product_cat","embeddable":true,"href":"https:\/\/www.tauben-backs.de\/pl\/wp-json\/wp\/v2\/product_cat?post=4032"},{"taxonomy":"product_tag","embeddable":true,"href":"https:\/\/www.tauben-backs.de\/pl\/wp-json\/wp\/v2\/product_tag?post=4032"}],"curies":[{"name":"wp","href":"https:\/\/api.w.org\/{rel}","templated":true}]}}