{"id":4031,"date":"2017-04-26T14:03:08","date_gmt":"2017-05-03T10:39:56","guid":{"rendered":"http:\/\/backs.ocue.de\/?post_type=product&#038;p=4031\/"},"modified":"2017-06-01T16:17:08","modified_gmt":"2017-06-01T14:17:08","slug":"perfekt-gelb","status":"publish","type":"product","link":"https:\/\/www.tauben-backs.de\/pl\/drob-ozdobny\/produkty-budulcowe-i-wzmacniajace-dla-drobiu\/perfekt-gelb\/","title":{"rendered":"Perfekt Gelb"},"content":{"rendered":"<p>to uzupe\u0142niaj\u0105ca mieszanka paszowa dla drobiu ozdobnego.<br \/>\nZosta\u0142a stworzona dla ras drobiu, u kt\u00f3rych wa\u017cn\u0105 rol\u0119 odgrywa \u017c\u00f3\u0142te ubarwienie n\u00f3g.<\/p>\n","protected":false},"excerpt":{"rendered":"<p>to uzupe\u0142niaj\u0105ca mieszanka paszowa dla drobiu ozdobnego.<br \/>\nZosta\u0142a stworzona dla ras drobiu, u kt\u00f3rych wa\u017cn\u0105 rol\u0119 odgrywa \u017c\u00f3\u0142te ubarwienie n\u00f3g.<\/p>\n<p>5 kg<\/p>\n","protected":false},"featured_media":5403,"comment_status":"closed","ping_status":"closed","template":"","meta":[],"product_brand":[],"product_cat":[248,250],"product_tag":[],"class_list":{"0":"post-4031","1":"product","2":"type-product","3":"status-publish","4":"has-post-thumbnail","6":"product_cat-drob-ozdobny","7":"product_cat-produkty-budulcowe-i-wzmacniajace-dla-drobiu","9":"first","10":"instock","11":"product-type-simple"},"_links":{"self":[{"href":"https:\/\/www.tauben-backs.de\/pl\/wp-json\/wp\/v2\/product\/4031","targetHints":{"allow":["GET"]}}],"collection":[{"href":"https:\/\/www.tauben-backs.de\/pl\/wp-json\/wp\/v2\/product"}],"about":[{"href":"https:\/\/www.tauben-backs.de\/pl\/wp-json\/wp\/v2\/types\/product"}],"replies":[{"embeddable":true,"href":"https:\/\/www.tauben-backs.de\/pl\/wp-json\/wp\/v2\/comments?post=4031"}],"wp:featuredmedia":[{"embeddable":true,"href":"https:\/\/www.tauben-backs.de\/pl\/wp-json\/wp\/v2\/media\/5403"}],"wp:attachment":[{"href":"https:\/\/www.tauben-backs.de\/pl\/wp-json\/wp\/v2\/media?parent=4031"}],"wp:term":[{"taxonomy":"product_brand","embeddable":true,"href":"https:\/\/www.tauben-backs.de\/pl\/wp-json\/wp\/v2\/product_brand?post=4031"},{"taxonomy":"product_cat","embeddable":true,"href":"https:\/\/www.tauben-backs.de\/pl\/wp-json\/wp\/v2\/product_cat?post=4031"},{"taxonomy":"product_tag","embeddable":true,"href":"https:\/\/www.tauben-backs.de\/pl\/wp-json\/wp\/v2\/product_tag?post=4031"}],"curies":[{"name":"wp","href":"https:\/\/api.w.org\/{rel}","templated":true}]}}