{"id":4027,"date":"2017-04-26T14:03:08","date_gmt":"2017-05-03T10:39:24","guid":{"rendered":"http:\/\/backs.ocue.de\/?post_type=product&#038;p=4027\/"},"modified":"2017-06-01T16:16:15","modified_gmt":"2017-06-01T14:16:15","slug":"backs-multivitamin-fuer-rassegefluegel-multivitamina-dla-drobiu-rasowego","status":"publish","type":"product","link":"https:\/\/www.tauben-backs.de\/pl\/drob-ozdobny\/produkty-budulcowe-i-wzmacniajace-dla-drobiu\/backs-multivitamin-fuer-rassegefluegel-multivitamina-dla-drobiu-rasowego\/","title":{"rendered":"Backs Multivitamin f\u00fcr Rassegefl\u00fcgel &#8211; Multivitamina dla drobiu rasowego"},"content":{"rendered":"<p><strong>Backs Multivitamin f\u00fcr Rassegefl\u00fcgel<\/strong> to preparat witaminowy stworzony specjalnie dla drobiu rasowego.<strong>Backs Multivitamin f\u00fcr Rassegefl\u00fcgel<\/strong> nale\u017cy stosowa\u0107 w okresie zwi\u0119kszonego obci\u0105\u017cenia uk\u0142adu przemiany materii, to znaczy w okresie chowu, pierzenia, przed i po wystawach oraz po kuracjach farmakologicznych i szczepieniach.<\/p>\n","protected":false},"excerpt":{"rendered":"<p>Backs Multivitamin f\u00fcr Rassegefl\u00fcgel to preparat witaminowy stworzony specjalnie dla drobiu rasowego.Backs Multivitamin f\u00fcr Rassegefl\u00fcgel nale\u017cy stosowa\u0107 w okresie zwi\u0119kszonego obci\u0105\u017cenia uk\u0142adu przemiany materii, to znaczy w okresie chowu, pierzenia, przed i po wystawach oraz po kuracjach farmakologicznych i szczepieniach. <\/p>\n<p>250 ml<br \/>\n500 ml<br \/>\n1000 ml<\/p>\n","protected":false},"featured_media":8894,"comment_status":"closed","ping_status":"closed","template":"","meta":[],"product_brand":[],"product_cat":[248,250],"product_tag":[],"class_list":{"0":"post-4027","1":"product","2":"type-product","3":"status-publish","4":"has-post-thumbnail","6":"product_cat-drob-ozdobny","7":"product_cat-produkty-budulcowe-i-wzmacniajace-dla-drobiu","9":"first","10":"instock","11":"product-type-variable"},"_links":{"self":[{"href":"https:\/\/www.tauben-backs.de\/pl\/wp-json\/wp\/v2\/product\/4027","targetHints":{"allow":["GET"]}}],"collection":[{"href":"https:\/\/www.tauben-backs.de\/pl\/wp-json\/wp\/v2\/product"}],"about":[{"href":"https:\/\/www.tauben-backs.de\/pl\/wp-json\/wp\/v2\/types\/product"}],"replies":[{"embeddable":true,"href":"https:\/\/www.tauben-backs.de\/pl\/wp-json\/wp\/v2\/comments?post=4027"}],"wp:featuredmedia":[{"embeddable":true,"href":"https:\/\/www.tauben-backs.de\/pl\/wp-json\/wp\/v2\/media\/8894"}],"wp:attachment":[{"href":"https:\/\/www.tauben-backs.de\/pl\/wp-json\/wp\/v2\/media?parent=4027"}],"wp:term":[{"taxonomy":"product_brand","embeddable":true,"href":"https:\/\/www.tauben-backs.de\/pl\/wp-json\/wp\/v2\/product_brand?post=4027"},{"taxonomy":"product_cat","embeddable":true,"href":"https:\/\/www.tauben-backs.de\/pl\/wp-json\/wp\/v2\/product_cat?post=4027"},{"taxonomy":"product_tag","embeddable":true,"href":"https:\/\/www.tauben-backs.de\/pl\/wp-json\/wp\/v2\/product_tag?post=4027"}],"curies":[{"name":"wp","href":"https:\/\/api.w.org\/{rel}","templated":true}]}}