{"id":4025,"date":"2017-04-26T14:03:08","date_gmt":"2017-05-03T10:34:54","guid":{"rendered":"http:\/\/backs.ocue.de\/?post_type=product&#038;p=4025\/"},"modified":"2017-06-01T16:14:04","modified_gmt":"2017-06-01T14:14:04","slug":"backs-mineral-power","status":"publish","type":"product","link":"https:\/\/www.tauben-backs.de\/pl\/drob-ozdobny\/mineraly-dla-drobiu\/backs-mineral-power\/","title":{"rendered":"Backs Mineral Power"},"content":{"rendered":"<p><strong>Backs Mineral Power<\/strong> zawiera wszystkie wa\u017cne dla drobiu minera\u0142y, pierwiastki \u015bladowe, witaminy, jak r\u00f3wnie\u017c aminokwasy zawieraj\u0105ce siark\u0119, kt\u00f3re s\u0105 bardzo wa\u017cne dla tworzenia si\u0119 upierzenia. Zaleca si\u0119 stosowanie <strong>Backs Mineral Power<\/strong> zawsze wtedy, kiedy ptaki potrzebuj\u0105 wi\u0119kszej ni\u017c zwykle ilo\u015bci minera\u0142\u00f3w, to znaczy podczas przygotowania kur rozp\u0142odowych, podczas chowu piskl\u0105t i p\u00f3\u017aniej m\u0142odych kurek jak r\u00f3wnie\u017c w okresie pierzenia. <strong>Backs Mineral Power <\/strong>z powodzeniem stosuje si\u0119 te\u017c, kiedy kury znosz\u0105 mniej jajek. <strong>Backs Mineral Power<\/strong> podajemy, mieszaj\u0105c ze \u015brutk\u0105, pasz\u0105 sypk\u0105, ze zwil\u017con\u0105 ziarnist\u0105 lub prasowan\u0105 pasz\u0105.<\/p>\n","protected":false},"excerpt":{"rendered":"<p>Backs Mineral Power zawiera wszystkie wa\u017cne dla drobiu minera\u0142y, pierwiastki \u015bladowe, witaminy, jak r\u00f3wnie\u017c aminokwasy zawieraj\u0105ce siark\u0119, kt\u00f3re s\u0105 bardzo wa\u017cne dla tworzenia si\u0119 upierzenia. Zaleca si\u0119 stosowanie Backs Mineral Power zawsze wtedy, kiedy ptaki potrzebuj\u0105 wi\u0119kszej ni\u017c zwykle ilo\u015bci minera\u0142\u00f3w, to znaczy podczas przygotowania kur rozp\u0142odowych, podczas chowu piskl\u0105t i p\u00f3\u017aniej m\u0142odych kurek jak r\u00f3wnie\u017c w okresie pierzenia. Backs Mineral Power z powodzeniem stosuje si\u0119 te\u017c, kiedy kury znosz\u0105 mniej jajek. Backs Mineral Power podajemy, mieszaj\u0105c ze \u015brutk\u0105, pasz\u0105 sypk\u0105, ze zwil\u017con\u0105 ziarnist\u0105 lub prasowan\u0105 pasz\u0105.<\/p>\n<p>1 kg<\/p>\n","protected":false},"featured_media":5400,"comment_status":"closed","ping_status":"closed","template":"","meta":[],"product_brand":[],"product_cat":[248,251],"product_tag":[],"class_list":{"0":"post-4025","1":"product","2":"type-product","3":"status-publish","4":"has-post-thumbnail","6":"product_cat-drob-ozdobny","7":"product_cat-mineraly-dla-drobiu","9":"first","10":"instock","11":"product-type-simple"},"_links":{"self":[{"href":"https:\/\/www.tauben-backs.de\/pl\/wp-json\/wp\/v2\/product\/4025","targetHints":{"allow":["GET"]}}],"collection":[{"href":"https:\/\/www.tauben-backs.de\/pl\/wp-json\/wp\/v2\/product"}],"about":[{"href":"https:\/\/www.tauben-backs.de\/pl\/wp-json\/wp\/v2\/types\/product"}],"replies":[{"embeddable":true,"href":"https:\/\/www.tauben-backs.de\/pl\/wp-json\/wp\/v2\/comments?post=4025"}],"wp:featuredmedia":[{"embeddable":true,"href":"https:\/\/www.tauben-backs.de\/pl\/wp-json\/wp\/v2\/media\/5400"}],"wp:attachment":[{"href":"https:\/\/www.tauben-backs.de\/pl\/wp-json\/wp\/v2\/media?parent=4025"}],"wp:term":[{"taxonomy":"product_brand","embeddable":true,"href":"https:\/\/www.tauben-backs.de\/pl\/wp-json\/wp\/v2\/product_brand?post=4025"},{"taxonomy":"product_cat","embeddable":true,"href":"https:\/\/www.tauben-backs.de\/pl\/wp-json\/wp\/v2\/product_cat?post=4025"},{"taxonomy":"product_tag","embeddable":true,"href":"https:\/\/www.tauben-backs.de\/pl\/wp-json\/wp\/v2\/product_tag?post=4025"}],"curies":[{"name":"wp","href":"https:\/\/api.w.org\/{rel}","templated":true}]}}