{"id":4019,"date":"2017-04-26T14:03:08","date_gmt":"2017-05-03T10:33:20","guid":{"rendered":"http:\/\/backs.ocue.de\/?post_type=product&#038;p=4019\/"},"modified":"2017-11-29T14:55:30","modified_gmt":"2017-11-29T13:55:30","slug":"backs-mineral-mix-fuer-gefluegel-mieszanka-mineralow-dla-drobiu-rasowego","status":"publish","type":"product","link":"https:\/\/www.tauben-backs.de\/pl\/drob-ozdobny\/mineraly-dla-drobiu\/backs-mineral-mix-fuer-gefluegel-mieszanka-mineralow-dla-drobiu-rasowego\/","title":{"rendered":"Backs Mineral-Mix f\u00fcr Gefl\u00fcgel &#8211; Mieszanka minera\u0142\u00f3w dla drobiu rasowego"},"content":{"rendered":"<p>Backs Mineral-Mix f\u00fcr Gefl\u00fcgel to dobrze wywa\u017cona mieszanka minera\u0142\u00f3w i pierwiastk\u00f3w \u015bladowych, wzbogacona niewielk\u0105 ilo\u015bci\u0105 nasion oleistych, co daje upierzeniu dodatkowy po\u0142ysk. Minera\u0142y oraz pierwiastki \u015bladowe s\u0105 wa\u017cne dla drobiu, aby wyr\u00f3wna\u0107 niedobory uzale\u017cnione od karmienia. Ponadto od optymalnego zaopatrzenia w minera\u0142y jest uzale\u017cniony jest prawid\u0142owy wzrost ko\u015bci i upierzenia. Poza tym odpowiednie zaopatrzenie w minera\u0142y jest konieczne dla tworzenia si\u0119 skorupki jaja.<\/p>\n","protected":false},"excerpt":{"rendered":"<p>Backs Mineral-Mix f\u00fcr Gefl\u00fcgel to dobrze wywa\u017cona mieszanka minera\u0142\u00f3w i pierwiastk\u00f3w \u015bladowych, wzbogacona niewielk\u0105 ilo\u015bci\u0105 nasion oleistych, co daje upierzeniu dodatkowy po\u0142ysk. Minera\u0142y oraz pierwiastki \u015bladowe s\u0105 wa\u017cne dla drobiu, aby wyr\u00f3wna\u0107 niedobory uzale\u017cnione od karmienia. Ponadto od optymalnego zaopatrzenia w minera\u0142y jest uzale\u017cniony jest prawid\u0142owy wzrost ko\u015bci i upierzenia. Poza tym odpowiednie zaopatrzenie w minera\u0142y jest konieczne dla tworzenia si\u0119 skorupki jaja.<\/p>\n<p>6 kg<br \/>\n25 kg<\/p>\n","protected":false},"featured_media":6241,"comment_status":"closed","ping_status":"closed","template":"","meta":[],"product_brand":[],"product_cat":[248,251],"product_tag":[],"class_list":{"0":"post-4019","1":"product","2":"type-product","3":"status-publish","4":"has-post-thumbnail","6":"product_cat-drob-ozdobny","7":"product_cat-mineraly-dla-drobiu","9":"first","10":"instock","11":"product-type-variable"},"_links":{"self":[{"href":"https:\/\/www.tauben-backs.de\/pl\/wp-json\/wp\/v2\/product\/4019","targetHints":{"allow":["GET"]}}],"collection":[{"href":"https:\/\/www.tauben-backs.de\/pl\/wp-json\/wp\/v2\/product"}],"about":[{"href":"https:\/\/www.tauben-backs.de\/pl\/wp-json\/wp\/v2\/types\/product"}],"replies":[{"embeddable":true,"href":"https:\/\/www.tauben-backs.de\/pl\/wp-json\/wp\/v2\/comments?post=4019"}],"wp:featuredmedia":[{"embeddable":true,"href":"https:\/\/www.tauben-backs.de\/pl\/wp-json\/wp\/v2\/media\/6241"}],"wp:attachment":[{"href":"https:\/\/www.tauben-backs.de\/pl\/wp-json\/wp\/v2\/media?parent=4019"}],"wp:term":[{"taxonomy":"product_brand","embeddable":true,"href":"https:\/\/www.tauben-backs.de\/pl\/wp-json\/wp\/v2\/product_brand?post=4019"},{"taxonomy":"product_cat","embeddable":true,"href":"https:\/\/www.tauben-backs.de\/pl\/wp-json\/wp\/v2\/product_cat?post=4019"},{"taxonomy":"product_tag","embeddable":true,"href":"https:\/\/www.tauben-backs.de\/pl\/wp-json\/wp\/v2\/product_tag?post=4019"}],"curies":[{"name":"wp","href":"https:\/\/api.w.org\/{rel}","templated":true}]}}