{"id":4010,"date":"2017-04-26T14:02:44","date_gmt":"2017-05-03T10:29:19","guid":{"rendered":"http:\/\/backs.ocue.de\/?post_type=product&#038;p=4010\/"},"modified":"2017-06-01T15:40:48","modified_gmt":"2017-06-01T13:40:48","slug":"plastikowy-ruszt-podlogowy-do-klatek","status":"publish","type":"product","link":"https:\/\/www.tauben-backs.de\/pl\/golebie\/akcesoria\/cele-kraty-do-cel-ruszty-klatki-wystawowe\/plastikowy-ruszt-podlogowy-do-klatek\/","title":{"rendered":"PLastikowy ruszt pod\u0142ogowy do klatek"},"content":{"rendered":"<p>Ruszt pod\u0142ogowy do cel, kosz\u00f3w transportowychi klatek wystawowych. Ruszt mo\u017cna doci\u0105\u0107 na pasuj\u0105cy wymiar.<\/p>\n","protected":false},"excerpt":{"rendered":"<p>Ruszt pod\u0142ogowy do cel, kosz\u00f3w transportowychi klatek wystawowych. Ruszt mo\u017cna doci\u0105\u0107 na pasuj\u0105cy wymiar.<\/p>\n","protected":false},"featured_media":2780,"comment_status":"closed","ping_status":"closed","template":"","meta":[],"product_brand":[],"product_cat":[240,246,312],"product_tag":[],"class_list":{"0":"post-4010","1":"product","2":"type-product","3":"status-publish","4":"has-post-thumbnail","6":"product_cat-golebie","7":"product_cat-akcesoria","8":"product_cat-cele-kraty-do-cel-ruszty-klatki-wystawowe","10":"first","11":"instock","12":"product-type-simple"},"_links":{"self":[{"href":"https:\/\/www.tauben-backs.de\/pl\/wp-json\/wp\/v2\/product\/4010","targetHints":{"allow":["GET"]}}],"collection":[{"href":"https:\/\/www.tauben-backs.de\/pl\/wp-json\/wp\/v2\/product"}],"about":[{"href":"https:\/\/www.tauben-backs.de\/pl\/wp-json\/wp\/v2\/types\/product"}],"replies":[{"embeddable":true,"href":"https:\/\/www.tauben-backs.de\/pl\/wp-json\/wp\/v2\/comments?post=4010"}],"wp:featuredmedia":[{"embeddable":true,"href":"https:\/\/www.tauben-backs.de\/pl\/wp-json\/wp\/v2\/media\/2780"}],"wp:attachment":[{"href":"https:\/\/www.tauben-backs.de\/pl\/wp-json\/wp\/v2\/media?parent=4010"}],"wp:term":[{"taxonomy":"product_brand","embeddable":true,"href":"https:\/\/www.tauben-backs.de\/pl\/wp-json\/wp\/v2\/product_brand?post=4010"},{"taxonomy":"product_cat","embeddable":true,"href":"https:\/\/www.tauben-backs.de\/pl\/wp-json\/wp\/v2\/product_cat?post=4010"},{"taxonomy":"product_tag","embeddable":true,"href":"https:\/\/www.tauben-backs.de\/pl\/wp-json\/wp\/v2\/product_tag?post=4010"}],"curies":[{"name":"wp","href":"https:\/\/api.w.org\/{rel}","templated":true}]}}