{"id":3980,"date":"2017-04-26T14:03:38","date_gmt":"2017-04-26T12:03:38","guid":{"rendered":"http:\/\/backs.ocue.de\/?post_type=product&#038;p=3980\/"},"modified":"2026-03-03T13:55:20","modified_gmt":"2026-03-03T12:55:20","slug":"obraczki-z-klipsem","status":"publish","type":"product","link":"https:\/\/www.tauben-backs.de\/pl\/drob-ozdobny\/akcesoria-pl\/obraczki-z-klipsem\/","title":{"rendered":"Obr\u0105czki z klipsem"},"content":{"rendered":"<p>Te obr\u0105czki mo\u017cna zamyka\u0107 i ponownie otwiera\u0107 przez boczny zatrzask.<\/p>\n","protected":false},"excerpt":{"rendered":"<p>Te obr\u0105czki mo\u017cna zamyka\u0107 i ponownie otwiera\u0107 przez boczny zatrzask.<\/p>\n<pre id=\"tw-target-text\" class=\"tw-data-text tw-text-large tw-ta\" dir=\"ltr\" tabindex=\"-1\" role=\"text\" data-placeholder=\"\u00dcbersetzung\" data-ved=\"2ahUKEwjl2I3j3oOTAxVTnf0HHYBIGVoQ3ewLegQIBBAW\" aria-label=\"\u00dcbersetzter Text: Jednokolorowe 8 mm 100 sztuk (Go\u0142\u0119bie) Nr art. 2880\r\nMieszane kolory 8 mm 10 x 10 (Go\u0142\u0119bie) Nr art. 2881\r\n\r\nMieszane kolory 12 mm 50 sztuk (Dr\u00f3b) Nr art. 2852\r\n\r\nMieszane kolory 16 mm 50 sztuk (Dr\u00f3b) Nr art. 2862\"><span class=\"Y2IQFc\" lang=\"pl\">Jednokolorowe 8 mm 100 sztuk (Go\u0142\u0119bie) Nr art. 2880\r\nMieszane kolory 8 mm 10 x 10 (Go\u0142\u0119bie) Nr art. 2881\r\n\r\nMieszane kolory 12 mm 50 sztuk (Dr\u00f3b) Nr art. 2852\r\n\r\nMieszane kolory 16 mm 50 sztuk (Dr\u00f3b) Nr art. 2862<\/span><\/pre>\n","protected":false},"featured_media":6176,"comment_status":"closed","ping_status":"closed","template":"","meta":[],"product_brand":[],"product_cat":[240,246,310,248,253],"product_tag":[],"class_list":{"0":"post-3980","1":"product","2":"type-product","3":"status-publish","4":"has-post-thumbnail","6":"product_cat-golebie","7":"product_cat-akcesoria","8":"product_cat-obraczki","9":"product_cat-drob-ozdobny","10":"product_cat-akcesoria-pl","12":"first","13":"instock","14":"product-type-simple"},"_links":{"self":[{"href":"https:\/\/www.tauben-backs.de\/pl\/wp-json\/wp\/v2\/product\/3980","targetHints":{"allow":["GET"]}}],"collection":[{"href":"https:\/\/www.tauben-backs.de\/pl\/wp-json\/wp\/v2\/product"}],"about":[{"href":"https:\/\/www.tauben-backs.de\/pl\/wp-json\/wp\/v2\/types\/product"}],"replies":[{"embeddable":true,"href":"https:\/\/www.tauben-backs.de\/pl\/wp-json\/wp\/v2\/comments?post=3980"}],"wp:featuredmedia":[{"embeddable":true,"href":"https:\/\/www.tauben-backs.de\/pl\/wp-json\/wp\/v2\/media\/6176"}],"wp:attachment":[{"href":"https:\/\/www.tauben-backs.de\/pl\/wp-json\/wp\/v2\/media?parent=3980"}],"wp:term":[{"taxonomy":"product_brand","embeddable":true,"href":"https:\/\/www.tauben-backs.de\/pl\/wp-json\/wp\/v2\/product_brand?post=3980"},{"taxonomy":"product_cat","embeddable":true,"href":"https:\/\/www.tauben-backs.de\/pl\/wp-json\/wp\/v2\/product_cat?post=3980"},{"taxonomy":"product_tag","embeddable":true,"href":"https:\/\/www.tauben-backs.de\/pl\/wp-json\/wp\/v2\/product_tag?post=3980"}],"curies":[{"name":"wp","href":"https:\/\/api.w.org\/{rel}","templated":true}]}}