{"id":3976,"date":"2017-04-26T14:02:37","date_gmt":"2017-04-26T12:02:37","guid":{"rendered":"http:\/\/backs.ocue.de\/?post_type=product&#038;p=3976\/"},"modified":"2020-02-10T14:17:58","modified_gmt":"2020-02-10T13:17:58","slug":"wanna-kapielowa-dla-golebi","status":"publish","type":"product","link":"https:\/\/www.tauben-backs.de\/pl\/drob-ozdobny\/akcesoria-pl\/wanna-kapielowa-dla-golebi\/","title":{"rendered":"Wanna k\u0105pielowa dla go\u0142\u0119bi"},"content":{"rendered":"<p>wykonana ze stabilnego tworzywa sztuczengo, z szerokim brzegiem, niezniszczalna.<br \/>\nd\u0142.: 60 x szer.: 40 x wys.: 12,5 cm<\/p>\n<p><span class=\"style6\">d\u0142.: 56 x szer.: 43 x wys.: 8,5 cm. <\/span><\/p>\n","protected":false},"excerpt":{"rendered":"<p>wykonana ze stabilnego tworzywa sztuczengo, z szerokim brzegiem, niezniszczalna.<br \/>\nd\u0142.: 60 x szer.: 40 x wys.: 12,5 cm <\/p>\n","protected":false},"featured_media":2744,"comment_status":"closed","ping_status":"closed","template":"","meta":[],"product_brand":[],"product_cat":[240,246,309,248,253],"product_tag":[],"class_list":{"0":"post-3976","1":"product","2":"type-product","3":"status-publish","4":"has-post-thumbnail","6":"product_cat-golebie","7":"product_cat-akcesoria","8":"product_cat-wanny-i-szpachle","9":"product_cat-drob-ozdobny","10":"product_cat-akcesoria-pl","12":"first","13":"instock","14":"product-type-simple"},"_links":{"self":[{"href":"https:\/\/www.tauben-backs.de\/pl\/wp-json\/wp\/v2\/product\/3976","targetHints":{"allow":["GET"]}}],"collection":[{"href":"https:\/\/www.tauben-backs.de\/pl\/wp-json\/wp\/v2\/product"}],"about":[{"href":"https:\/\/www.tauben-backs.de\/pl\/wp-json\/wp\/v2\/types\/product"}],"replies":[{"embeddable":true,"href":"https:\/\/www.tauben-backs.de\/pl\/wp-json\/wp\/v2\/comments?post=3976"}],"wp:featuredmedia":[{"embeddable":true,"href":"https:\/\/www.tauben-backs.de\/pl\/wp-json\/wp\/v2\/media\/2744"}],"wp:attachment":[{"href":"https:\/\/www.tauben-backs.de\/pl\/wp-json\/wp\/v2\/media?parent=3976"}],"wp:term":[{"taxonomy":"product_brand","embeddable":true,"href":"https:\/\/www.tauben-backs.de\/pl\/wp-json\/wp\/v2\/product_brand?post=3976"},{"taxonomy":"product_cat","embeddable":true,"href":"https:\/\/www.tauben-backs.de\/pl\/wp-json\/wp\/v2\/product_cat?post=3976"},{"taxonomy":"product_tag","embeddable":true,"href":"https:\/\/www.tauben-backs.de\/pl\/wp-json\/wp\/v2\/product_tag?post=3976"}],"curies":[{"name":"wp","href":"https:\/\/api.w.org\/{rel}","templated":true}]}}