{"id":3972,"date":"2017-04-26T14:02:30","date_gmt":"2017-04-26T12:02:30","guid":{"rendered":"http:\/\/backs.ocue.de\/?post_type=product&#038;p=3972\/"},"modified":"2017-06-01T15:07:10","modified_gmt":"2017-06-01T13:07:10","slug":"szpachla-ze-stali-nierdzewnej","status":"publish","type":"product","link":"https:\/\/www.tauben-backs.de\/pl\/drob-ozdobny\/akcesoria-pl\/szpachla-ze-stali-nierdzewnej\/","title":{"rendered":"Szpachla ze stali nierdzewnej"},"content":{"rendered":"<p>ze stabiln\u0105, plastikow\u0105 r\u0105czk\u0105.<\/p>\n","protected":false},"excerpt":{"rendered":"<p>ze stabiln\u0105, plastikow\u0105 r\u0105czk\u0105.<\/p>\n<p>13 cm<br \/>\n18 cm<br \/>\n23 cm<\/p>\n","protected":false},"featured_media":5446,"comment_status":"closed","ping_status":"closed","template":"","meta":[],"product_brand":[],"product_cat":[240,246,309,248,253],"product_tag":[],"class_list":{"0":"post-3972","1":"product","2":"type-product","3":"status-publish","4":"has-post-thumbnail","6":"product_cat-golebie","7":"product_cat-akcesoria","8":"product_cat-wanny-i-szpachle","9":"product_cat-drob-ozdobny","10":"product_cat-akcesoria-pl","12":"first","13":"instock","14":"product-type-variable"},"_links":{"self":[{"href":"https:\/\/www.tauben-backs.de\/pl\/wp-json\/wp\/v2\/product\/3972","targetHints":{"allow":["GET"]}}],"collection":[{"href":"https:\/\/www.tauben-backs.de\/pl\/wp-json\/wp\/v2\/product"}],"about":[{"href":"https:\/\/www.tauben-backs.de\/pl\/wp-json\/wp\/v2\/types\/product"}],"replies":[{"embeddable":true,"href":"https:\/\/www.tauben-backs.de\/pl\/wp-json\/wp\/v2\/comments?post=3972"}],"wp:featuredmedia":[{"embeddable":true,"href":"https:\/\/www.tauben-backs.de\/pl\/wp-json\/wp\/v2\/media\/5446"}],"wp:attachment":[{"href":"https:\/\/www.tauben-backs.de\/pl\/wp-json\/wp\/v2\/media?parent=3972"}],"wp:term":[{"taxonomy":"product_brand","embeddable":true,"href":"https:\/\/www.tauben-backs.de\/pl\/wp-json\/wp\/v2\/product_brand?post=3972"},{"taxonomy":"product_cat","embeddable":true,"href":"https:\/\/www.tauben-backs.de\/pl\/wp-json\/wp\/v2\/product_cat?post=3972"},{"taxonomy":"product_tag","embeddable":true,"href":"https:\/\/www.tauben-backs.de\/pl\/wp-json\/wp\/v2\/product_tag?post=3972"}],"curies":[{"name":"wp","href":"https:\/\/api.w.org\/{rel}","templated":true}]}}