{"id":3966,"date":"2017-04-26T14:02:30","date_gmt":"2017-04-26T12:02:30","guid":{"rendered":"http:\/\/backs.ocue.de\/?post_type=product&#038;p=3966\/"},"modified":"2023-10-23T13:42:17","modified_gmt":"2023-10-23T11:42:17","slug":"krata-podlogowa-z-tworzywa-sztucznego","status":"publish","type":"product","link":"https:\/\/www.tauben-backs.de\/pl\/drob-ozdobny\/akcesoria-pl\/krata-podlogowa-z-tworzywa-sztucznego\/","title":{"rendered":"Krata pod\u0142ogowa z tworzywa sztucznego"},"content":{"rendered":"<p><span class=\"style7\">Te szare kraty z tworzywa sztucznego mo\u017cna stosowa\u0107 w kurnikach i go\u0142\u0119bnikach. Mo\u017cna je roz\u0142o\u017cy\u0107 i po\u0142\u0105czy\u0107 na r\u00f3wnej powierzchni, przez co powstaje jednolita pod\u0142oga. Kraty s\u0105 bardzo wytrzyma\u0142e i mo\u017cna po nich chodzi\u0107. Ptaki nie maj\u0105 kontaktu z ka\u0142em, przez co nogi i pi\u00f3ra pozostaj\u0105 czyste. Kraty te s\u0105 bardzo lekkie, dlatego mo\u017cna je z \u0142atwo\u015bci\u0105 wyj\u0105\u0107 z go\u0142\u0119bnika i wyczy\u015bci\u0107 pod\u0142og\u0119. Kraty mo\u017cna docina\u0107 na potrzebny wymiar. Wymiary: 25 x 25 x 7 cm, Wielko\u015b\u0107 oczek: 2,5 x 2,5 cm.<\/span><\/p>\n<pre id=\"tw-target-text\" class=\"tw-data-text tw-text-large tw-ta\" dir=\"ltr\" data-placeholder=\"\u00dcbersetzung\" data-ved=\"2ahUKEwiP---LioyCAxWa3wIHHSUoC0EQ3ewLegQIBhAQ\"><span class=\"Y2IQFc\" lang=\"pl\">Kolor mo\u017ce si\u0119 r\u00f3\u017cni\u0107<\/span><\/pre>\n","protected":false},"excerpt":{"rendered":"<p>Te szare kraty z tworzywa sztucznego mo\u017cna stosowa\u0107 w kurnikach i go\u0142\u0119bnikach. Mo\u017cna je roz\u0142o\u017cy\u0107 i po\u0142\u0105czy\u0107 na r\u00f3wnej powierzchni, przez co powstaje jednolita pod\u0142oga. Kraty s\u0105 bardzo wytrzyma\u0142e i mo\u017cna po nich chodzi\u0107. Ptaki nie maj\u0105 kontaktu z ka\u0142em, przez co nogi i pi\u00f3ra pozostaj\u0105 czyste. Kraty te s\u0105 bardzo lekkie, dlatego mo\u017cna je z \u0142atwo\u015bci\u0105 wyj\u0105\u0107 z go\u0142\u0119bnika i wyczy\u015bci\u0107 pod\u0142og\u0119. Kraty mo\u017cna docina\u0107 na potrzebny wymiar. Wymiary: 25 x 25 x 7 cm, Wielko\u015b\u0107 oczek: 2,5 x 2,5 cm.<\/p>\n<pre id=\"tw-target-text\" class=\"tw-data-text tw-text-large tw-ta\" dir=\"ltr\" data-placeholder=\"\u00dcbersetzung\" data-ved=\"2ahUKEwiP---LioyCAxWa3wIHHSUoC0EQ3ewLegQIBhAQ\"><span class=\"Y2IQFc\" lang=\"pl\">Kolor mo\u017ce si\u0119 r\u00f3\u017cni\u0107<\/span><\/pre>\n","protected":false},"featured_media":10265,"comment_status":"closed","ping_status":"closed","template":"","meta":[],"product_brand":[],"product_cat":[240,246,308,248,253],"product_tag":[],"class_list":{"0":"post-3966","1":"product","2":"type-product","3":"status-publish","4":"has-post-thumbnail","6":"product_cat-golebie","7":"product_cat-akcesoria","8":"product_cat-wyposazenie-golebnika","9":"product_cat-drob-ozdobny","10":"product_cat-akcesoria-pl","12":"first","13":"instock","14":"product-type-simple"},"_links":{"self":[{"href":"https:\/\/www.tauben-backs.de\/pl\/wp-json\/wp\/v2\/product\/3966","targetHints":{"allow":["GET"]}}],"collection":[{"href":"https:\/\/www.tauben-backs.de\/pl\/wp-json\/wp\/v2\/product"}],"about":[{"href":"https:\/\/www.tauben-backs.de\/pl\/wp-json\/wp\/v2\/types\/product"}],"replies":[{"embeddable":true,"href":"https:\/\/www.tauben-backs.de\/pl\/wp-json\/wp\/v2\/comments?post=3966"}],"wp:featuredmedia":[{"embeddable":true,"href":"https:\/\/www.tauben-backs.de\/pl\/wp-json\/wp\/v2\/media\/10265"}],"wp:attachment":[{"href":"https:\/\/www.tauben-backs.de\/pl\/wp-json\/wp\/v2\/media?parent=3966"}],"wp:term":[{"taxonomy":"product_brand","embeddable":true,"href":"https:\/\/www.tauben-backs.de\/pl\/wp-json\/wp\/v2\/product_brand?post=3966"},{"taxonomy":"product_cat","embeddable":true,"href":"https:\/\/www.tauben-backs.de\/pl\/wp-json\/wp\/v2\/product_cat?post=3966"},{"taxonomy":"product_tag","embeddable":true,"href":"https:\/\/www.tauben-backs.de\/pl\/wp-json\/wp\/v2\/product_tag?post=3966"}],"curies":[{"name":"wp","href":"https:\/\/api.w.org\/{rel}","templated":true}]}}