{"id":3954,"date":"2017-04-26T14:02:19","date_gmt":"2017-04-26T12:02:19","guid":{"rendered":"http:\/\/backs.ocue.de\/?post_type=product&#038;p=3954\/"},"modified":"2018-05-29T15:07:17","modified_gmt":"2018-05-29T13:07:17","slug":"karmidlo","status":"publish","type":"product","link":"https:\/\/www.tauben-backs.de\/pl\/drob-ozdobny\/akcesoria-pl\/karmidlo\/","title":{"rendered":"Karmid\u0142o"},"content":{"rendered":"<p>Karmid\u0142o z\u00a0 tworzywa sztucznego, mo\u017cliwe bezstopniowe ustawienie wysoko\u015bci karmienia. Zaokr\u0105glone obrze\u017ce talerza zmniejsza marnotrawienie karmy. Zawarto\u015b\u0107 oko\u0142o 8 do 12kg.<\/p>\n","protected":false},"excerpt":{"rendered":"<p>Karmid\u0142o z\u00a0 tworzywa sztucznego, mo\u017cliwe bezstopniowe ustawienie wysoko\u015bci karmienia. Zaokr\u0105glone obrze\u017ce talerza zmniejsza marnotrawienie karmy. Zawarto\u015b\u0107 oko\u0142o 8 do 12kg.<\/p>\n","protected":false},"featured_media":8890,"comment_status":"closed","ping_status":"closed","template":"","meta":[],"product_brand":[],"product_cat":[240,246,308,248,253],"product_tag":[],"class_list":{"0":"post-3954","1":"product","2":"type-product","3":"status-publish","4":"has-post-thumbnail","6":"product_cat-golebie","7":"product_cat-akcesoria","8":"product_cat-wyposazenie-golebnika","9":"product_cat-drob-ozdobny","10":"product_cat-akcesoria-pl","12":"first","13":"instock","14":"product-type-simple"},"_links":{"self":[{"href":"https:\/\/www.tauben-backs.de\/pl\/wp-json\/wp\/v2\/product\/3954","targetHints":{"allow":["GET"]}}],"collection":[{"href":"https:\/\/www.tauben-backs.de\/pl\/wp-json\/wp\/v2\/product"}],"about":[{"href":"https:\/\/www.tauben-backs.de\/pl\/wp-json\/wp\/v2\/types\/product"}],"replies":[{"embeddable":true,"href":"https:\/\/www.tauben-backs.de\/pl\/wp-json\/wp\/v2\/comments?post=3954"}],"wp:featuredmedia":[{"embeddable":true,"href":"https:\/\/www.tauben-backs.de\/pl\/wp-json\/wp\/v2\/media\/8890"}],"wp:attachment":[{"href":"https:\/\/www.tauben-backs.de\/pl\/wp-json\/wp\/v2\/media?parent=3954"}],"wp:term":[{"taxonomy":"product_brand","embeddable":true,"href":"https:\/\/www.tauben-backs.de\/pl\/wp-json\/wp\/v2\/product_brand?post=3954"},{"taxonomy":"product_cat","embeddable":true,"href":"https:\/\/www.tauben-backs.de\/pl\/wp-json\/wp\/v2\/product_cat?post=3954"},{"taxonomy":"product_tag","embeddable":true,"href":"https:\/\/www.tauben-backs.de\/pl\/wp-json\/wp\/v2\/product_tag?post=3954"}],"curies":[{"name":"wp","href":"https:\/\/api.w.org\/{rel}","templated":true}]}}