{"id":3950,"date":"2017-04-25T00:00:00","date_gmt":"2017-05-03T10:12:10","guid":{"rendered":"http:\/\/backs.ocue.de\/?post_type=product&#038;p=3950\/"},"modified":"2017-06-01T14:39:31","modified_gmt":"2017-06-01T12:39:31","slug":"poidlo-do-kosza-transportowego","status":"publish","type":"product","link":"https:\/\/www.tauben-backs.de\/pl\/golebie\/akcesoria\/poidla-miski-do-cel-podgrzewacze\/poidlo-do-kosza-transportowego\/","title":{"rendered":"Poid\u0142o do kosza transportowego."},"content":{"rendered":"<p>d\u0142.: 35,5 cm. Do pojenia go\u0142\u0119bi w koszu tranportowym.<\/p>\n","protected":false},"excerpt":{"rendered":"<p>d\u0142.: 35,5 cm. Do pojenia go\u0142\u0119bi w koszu tranportowym.<\/p>\n","protected":false},"featured_media":2714,"comment_status":"closed","ping_status":"closed","template":"","meta":[],"product_brand":[],"product_cat":[240,246,307],"product_tag":[],"class_list":{"0":"post-3950","1":"product","2":"type-product","3":"status-publish","4":"has-post-thumbnail","6":"product_cat-golebie","7":"product_cat-akcesoria","8":"product_cat-poidla-miski-do-cel-podgrzewacze","10":"first","11":"instock","12":"product-type-simple"},"_links":{"self":[{"href":"https:\/\/www.tauben-backs.de\/pl\/wp-json\/wp\/v2\/product\/3950","targetHints":{"allow":["GET"]}}],"collection":[{"href":"https:\/\/www.tauben-backs.de\/pl\/wp-json\/wp\/v2\/product"}],"about":[{"href":"https:\/\/www.tauben-backs.de\/pl\/wp-json\/wp\/v2\/types\/product"}],"replies":[{"embeddable":true,"href":"https:\/\/www.tauben-backs.de\/pl\/wp-json\/wp\/v2\/comments?post=3950"}],"wp:featuredmedia":[{"embeddable":true,"href":"https:\/\/www.tauben-backs.de\/pl\/wp-json\/wp\/v2\/media\/2714"}],"wp:attachment":[{"href":"https:\/\/www.tauben-backs.de\/pl\/wp-json\/wp\/v2\/media?parent=3950"}],"wp:term":[{"taxonomy":"product_brand","embeddable":true,"href":"https:\/\/www.tauben-backs.de\/pl\/wp-json\/wp\/v2\/product_brand?post=3950"},{"taxonomy":"product_cat","embeddable":true,"href":"https:\/\/www.tauben-backs.de\/pl\/wp-json\/wp\/v2\/product_cat?post=3950"},{"taxonomy":"product_tag","embeddable":true,"href":"https:\/\/www.tauben-backs.de\/pl\/wp-json\/wp\/v2\/product_tag?post=3950"}],"curies":[{"name":"wp","href":"https:\/\/api.w.org\/{rel}","templated":true}]}}