{"id":3891,"date":"2017-04-24T00:00:00","date_gmt":"2017-05-03T09:59:21","guid":{"rendered":"http:\/\/backs.ocue.de\/?post_type=product&#038;p=3891\/"},"modified":"2017-06-01T13:25:06","modified_gmt":"2017-06-01T11:25:06","slug":"backs-augentropfen-krople-do-oczu","status":"publish","type":"product","link":"https:\/\/www.tauben-backs.de\/pl\/drob-ozdobny\/dezynfekcja-i-pielegnacja\/backs-augentropfen-krople-do-oczu\/","title":{"rendered":"Backs Augentropfen \u2013 krople do oczu"},"content":{"rendered":"<p>Dla go\u0142\u0119bi pocztowych do piel\u0119gnacji oczu.<\/p>\n","protected":false},"excerpt":{"rendered":"<p>Dla go\u0142\u0119bi pocztowych do piel\u0119gnacji oczu.<\/p>\n<p>10 ml<\/p>\n","protected":false},"featured_media":2660,"comment_status":"closed","ping_status":"closed","template":"","meta":[],"product_brand":[],"product_cat":[240,245,248,252],"product_tag":[],"class_list":{"0":"post-3891","1":"product","2":"type-product","3":"status-publish","4":"has-post-thumbnail","6":"product_cat-golebie","7":"product_cat-desinfektcja-i-pielegnacja","8":"product_cat-drob-ozdobny","9":"product_cat-dezynfekcja-i-pielegnacja","11":"first","12":"instock","13":"product-type-simple"},"_links":{"self":[{"href":"https:\/\/www.tauben-backs.de\/pl\/wp-json\/wp\/v2\/product\/3891","targetHints":{"allow":["GET"]}}],"collection":[{"href":"https:\/\/www.tauben-backs.de\/pl\/wp-json\/wp\/v2\/product"}],"about":[{"href":"https:\/\/www.tauben-backs.de\/pl\/wp-json\/wp\/v2\/types\/product"}],"replies":[{"embeddable":true,"href":"https:\/\/www.tauben-backs.de\/pl\/wp-json\/wp\/v2\/comments?post=3891"}],"wp:featuredmedia":[{"embeddable":true,"href":"https:\/\/www.tauben-backs.de\/pl\/wp-json\/wp\/v2\/media\/2660"}],"wp:attachment":[{"href":"https:\/\/www.tauben-backs.de\/pl\/wp-json\/wp\/v2\/media?parent=3891"}],"wp:term":[{"taxonomy":"product_brand","embeddable":true,"href":"https:\/\/www.tauben-backs.de\/pl\/wp-json\/wp\/v2\/product_brand?post=3891"},{"taxonomy":"product_cat","embeddable":true,"href":"https:\/\/www.tauben-backs.de\/pl\/wp-json\/wp\/v2\/product_cat?post=3891"},{"taxonomy":"product_tag","embeddable":true,"href":"https:\/\/www.tauben-backs.de\/pl\/wp-json\/wp\/v2\/product_tag?post=3891"}],"curies":[{"name":"wp","href":"https:\/\/api.w.org\/{rel}","templated":true}]}}