{"id":3887,"date":"2017-04-24T00:00:00","date_gmt":"2017-05-03T09:58:52","guid":{"rendered":"http:\/\/backs.ocue.de\/?post_type=product&#038;p=3887\/"},"modified":"2017-06-01T13:35:39","modified_gmt":"2017-06-01T11:35:39","slug":"backs-schlagweiss-posypka-do-golebnika","status":"publish","type":"product","link":"https:\/\/www.tauben-backs.de\/pl\/golebie\/desinfektcja-i-pielegnacja\/backs-schlagweiss-posypka-do-golebnika\/","title":{"rendered":"Backs Schlagwei\u00df \u2013 posypka do go\u0142\u0119bnika"},"content":{"rendered":"<p>Utrzymuje such\u0105 pod\u0142og\u0119 i jest ca\u0142kowicie nieszkodliwy dla go\u0142\u0119bi. Pod\u0142ogi piel\u0119gnowane <strong>Backs Schlagwei\u03b2<\/strong> maj\u0105 pi\u0119kny wygl\u0105d i mo\u017cna je \u0142atwo wyczy\u015bci\u0107. Poza tym Backs Schlagwei\u03b2 wydziela w ca\u0142ym go\u0142\u0119bniku przyjemny zapach.<\/p>\n","protected":false},"excerpt":{"rendered":"<p>Utrzymuje such\u0105 pod\u0142og\u0119 i jest ca\u0142kowicie nieszkodliwy dla go\u0142\u0119bi. Pod\u0142ogi piel\u0119gnowane Backs Schlagwei\u03b2 maj\u0105 pi\u0119kny wygl\u0105d i mo\u017cna je \u0142atwo wyczy\u015bci\u0107. Poza tym Backs Schlagwei\u03b2 wydziela w ca\u0142ym go\u0142\u0119bniku przyjemny zapach. <\/p>\n<p>2,5 kg<br \/>\n5 L<br \/>\n10 L<\/p>\n","protected":false},"featured_media":5763,"comment_status":"closed","ping_status":"closed","template":"","meta":[],"product_brand":[],"product_cat":[240,245],"product_tag":[],"class_list":{"0":"post-3887","1":"product","2":"type-product","3":"status-publish","4":"has-post-thumbnail","6":"product_cat-golebie","7":"product_cat-desinfektcja-i-pielegnacja","9":"first","10":"instock","11":"product-type-variable"},"_links":{"self":[{"href":"https:\/\/www.tauben-backs.de\/pl\/wp-json\/wp\/v2\/product\/3887","targetHints":{"allow":["GET"]}}],"collection":[{"href":"https:\/\/www.tauben-backs.de\/pl\/wp-json\/wp\/v2\/product"}],"about":[{"href":"https:\/\/www.tauben-backs.de\/pl\/wp-json\/wp\/v2\/types\/product"}],"replies":[{"embeddable":true,"href":"https:\/\/www.tauben-backs.de\/pl\/wp-json\/wp\/v2\/comments?post=3887"}],"wp:featuredmedia":[{"embeddable":true,"href":"https:\/\/www.tauben-backs.de\/pl\/wp-json\/wp\/v2\/media\/5763"}],"wp:attachment":[{"href":"https:\/\/www.tauben-backs.de\/pl\/wp-json\/wp\/v2\/media?parent=3887"}],"wp:term":[{"taxonomy":"product_brand","embeddable":true,"href":"https:\/\/www.tauben-backs.de\/pl\/wp-json\/wp\/v2\/product_brand?post=3887"},{"taxonomy":"product_cat","embeddable":true,"href":"https:\/\/www.tauben-backs.de\/pl\/wp-json\/wp\/v2\/product_cat?post=3887"},{"taxonomy":"product_tag","embeddable":true,"href":"https:\/\/www.tauben-backs.de\/pl\/wp-json\/wp\/v2\/product_tag?post=3887"}],"curies":[{"name":"wp","href":"https:\/\/api.w.org\/{rel}","templated":true}]}}