{"id":3886,"date":"2017-04-24T00:00:00","date_gmt":"2017-05-03T09:58:20","guid":{"rendered":"http:\/\/backs.ocue.de\/?post_type=product&#038;p=3886\/"},"modified":"2017-06-01T13:22:35","modified_gmt":"2017-06-01T11:22:35","slug":"curo-trek","status":"publish","type":"product","link":"https:\/\/www.tauben-backs.de\/pl\/golebie\/naturalne-produkty-budulcowe-i-wzmacniajace\/curo-trek\/","title":{"rendered":"Curo Trek"},"content":{"rendered":"<p>to mieszanka paszowa uzupe\u0142niaj\u0105ca, kt\u00f3ra nadaje si\u0119 skarmiania podczas chowu, w sezonie lotowym i w okresie pierzenia. <strong>Curo Trek<\/strong> podaje si\u0119 raz dziennie z wcze\u015bniej zwil\u017con\u0105 olejkiem karm\u0105. <strong>Curo Trek<\/strong> nale\u017cy podawa\u0107 w bardzo niewielkich dawkach &#8211; 0,03 do 0,05g na go\u0142\u0119bia na dzie\u0144, czyli oko\u0142o 1g na 30 go\u0142\u0119bi na dzie\u0144, dzi\u0119ki czemu jest to produkt stosunkowo tani.<\/p>\n","protected":false},"excerpt":{"rendered":"<p>to mieszanka paszowa uzupe\u0142niaj\u0105ca, kt\u00f3ra nadaje si\u0119 skarmiania podczas chowu, w sezonie lotowym i w okresie pierzenia. Curo Trek podaje si\u0119 raz dziennie z wcze\u015bniej zwil\u017con\u0105 olejkiem karm\u0105. Curo Trek nale\u017cy podawa\u0107 w bardzo niewielkich dawkach &#8211; 0,03 do 0,05g na go\u0142\u0119bia na dzie\u0144, czyli oko\u0142o 1g na 30 go\u0142\u0119bi na dzie\u0144, dzi\u0119ki czemu jest to produkt stosunkowo tani.<\/p>\n<p>300 g<\/p>\n","protected":false},"featured_media":5750,"comment_status":"closed","ping_status":"closed","template":"","meta":[],"product_brand":[],"product_cat":[240,244],"product_tag":[],"class_list":{"0":"post-3886","1":"product","2":"type-product","3":"status-publish","4":"has-post-thumbnail","6":"product_cat-golebie","7":"product_cat-naturalne-produkty-budulcowe-i-wzmacniajace","9":"first","10":"instock","11":"product-type-simple"},"_links":{"self":[{"href":"https:\/\/www.tauben-backs.de\/pl\/wp-json\/wp\/v2\/product\/3886","targetHints":{"allow":["GET"]}}],"collection":[{"href":"https:\/\/www.tauben-backs.de\/pl\/wp-json\/wp\/v2\/product"}],"about":[{"href":"https:\/\/www.tauben-backs.de\/pl\/wp-json\/wp\/v2\/types\/product"}],"replies":[{"embeddable":true,"href":"https:\/\/www.tauben-backs.de\/pl\/wp-json\/wp\/v2\/comments?post=3886"}],"wp:featuredmedia":[{"embeddable":true,"href":"https:\/\/www.tauben-backs.de\/pl\/wp-json\/wp\/v2\/media\/5750"}],"wp:attachment":[{"href":"https:\/\/www.tauben-backs.de\/pl\/wp-json\/wp\/v2\/media?parent=3886"}],"wp:term":[{"taxonomy":"product_brand","embeddable":true,"href":"https:\/\/www.tauben-backs.de\/pl\/wp-json\/wp\/v2\/product_brand?post=3886"},{"taxonomy":"product_cat","embeddable":true,"href":"https:\/\/www.tauben-backs.de\/pl\/wp-json\/wp\/v2\/product_cat?post=3886"},{"taxonomy":"product_tag","embeddable":true,"href":"https:\/\/www.tauben-backs.de\/pl\/wp-json\/wp\/v2\/product_tag?post=3886"}],"curies":[{"name":"wp","href":"https:\/\/api.w.org\/{rel}","templated":true}]}}