{"id":3875,"date":"2017-04-24T00:00:00","date_gmt":"2017-05-03T09:56:03","guid":{"rendered":"http:\/\/backs.ocue.de\/?post_type=product&#038;p=3875\/"},"modified":"2017-06-01T13:17:20","modified_gmt":"2017-06-01T11:17:20","slug":"backs-usnea-barbata-brodaczka","status":"publish","type":"product","link":"https:\/\/www.tauben-backs.de\/pl\/drob-ozdobny\/produkty-budulcowe-i-wzmacniajace-dla-drobiu\/backs-usnea-barbata-brodaczka\/","title":{"rendered":"Backs Usnea barbata (Brodaczka)"},"content":{"rendered":"<p>jest roztworem z brodaczki. Brodaczka zawiera jako goryczk\u0119 kwas usninowy. Kwas usninowy to naturalna antybiotyczna substancja czynna, kt\u00f3ra znajduje zastosowanie mi\u0119dzy innymi w leczeniu infekcji g\u00f3rnych dr\u00f3g odechowych.<br \/>\n<strong><span class=\"auto-style1\">Spos\u00f3b u\u017cycia:<\/span><\/strong><span class=\"auto-style1\"> 5ml Backs Usnea barabata podajemy raz dziennie na 1 litr wody. W celu przygotowania go\u0142\u0119bi do chowu b\u0105d\u017a do lot\u00f3w, zaleca si\u0119 przeprowadzenie pi\u0119ciodniowej kuracji przed sparowaniem b\u0105d\u017a przed pierwszymi lotami treningowymi. Podczas sezonu lotowego, Usnea barbata nale\u017cy poda\u0107 do wody raz w tygodniu, na pocz\u0105tku tygodnia, a w okresie pierzenia dwa razy tygodniowo.<\/span><\/p>\n","protected":false},"excerpt":{"rendered":"<p>jest roztworem z brodaczki. Brodaczka zawiera jako goryczk\u0119 kwas usninowy. Kwas usninowy to naturalna antybiotyczna substancja czynna, kt\u00f3ra znajduje zastosowanie mi\u0119dzy innymi w leczeniu infekcji g\u00f3rnych dr\u00f3g odechowych.<br \/>\nSpos\u00f3b u\u017cycia: 5ml Backs Usnea barabata podajemy raz dziennie na 1 litr wody. W celu przygotowania go\u0142\u0119bi do chowu b\u0105d\u017a do lot\u00f3w, zaleca si\u0119 przeprowadzenie pi\u0119ciodniowej kuracji przed sparowaniem b\u0105d\u017a przed pierwszymi lotami treningowymi. Podczas sezonu lotowego, Usnea barbata nale\u017cy poda\u0107 do wody raz w tygodniu, na pocz\u0105tku tygodnia, a w okresie pierzenia dwa razy tygodniowo.     <\/p>\n<p>250 ml<br \/>\n500 ml<\/p>\n","protected":false},"featured_media":10178,"comment_status":"closed","ping_status":"closed","template":"","meta":[],"product_brand":[],"product_cat":[240,244,248,250,254],"product_tag":[],"class_list":{"0":"post-3875","1":"product","2":"type-product","3":"status-publish","4":"has-post-thumbnail","6":"product_cat-golebie","7":"product_cat-naturalne-produkty-budulcowe-i-wzmacniajace","8":"product_cat-drob-ozdobny","9":"product_cat-produkty-budulcowe-i-wzmacniajace-dla-drobiu","10":"product_cat-gryzonie-i-kroliki","12":"first","13":"instock","14":"product-type-variable"},"_links":{"self":[{"href":"https:\/\/www.tauben-backs.de\/pl\/wp-json\/wp\/v2\/product\/3875","targetHints":{"allow":["GET"]}}],"collection":[{"href":"https:\/\/www.tauben-backs.de\/pl\/wp-json\/wp\/v2\/product"}],"about":[{"href":"https:\/\/www.tauben-backs.de\/pl\/wp-json\/wp\/v2\/types\/product"}],"replies":[{"embeddable":true,"href":"https:\/\/www.tauben-backs.de\/pl\/wp-json\/wp\/v2\/comments?post=3875"}],"wp:featuredmedia":[{"embeddable":true,"href":"https:\/\/www.tauben-backs.de\/pl\/wp-json\/wp\/v2\/media\/10178"}],"wp:attachment":[{"href":"https:\/\/www.tauben-backs.de\/pl\/wp-json\/wp\/v2\/media?parent=3875"}],"wp:term":[{"taxonomy":"product_brand","embeddable":true,"href":"https:\/\/www.tauben-backs.de\/pl\/wp-json\/wp\/v2\/product_brand?post=3875"},{"taxonomy":"product_cat","embeddable":true,"href":"https:\/\/www.tauben-backs.de\/pl\/wp-json\/wp\/v2\/product_cat?post=3875"},{"taxonomy":"product_tag","embeddable":true,"href":"https:\/\/www.tauben-backs.de\/pl\/wp-json\/wp\/v2\/product_tag?post=3875"}],"curies":[{"name":"wp","href":"https:\/\/api.w.org\/{rel}","templated":true}]}}