{"id":3873,"date":"2017-04-24T00:00:00","date_gmt":"2017-05-03T09:54:59","guid":{"rendered":"http:\/\/backs.ocue.de\/?post_type=product&#038;p=3873\/"},"modified":"2017-06-01T13:15:02","modified_gmt":"2017-06-01T11:15:02","slug":"backs-vier-rinden-tee","status":"publish","type":"product","link":"https:\/\/www.tauben-backs.de\/pl\/golebie\/naturalne-produkty-budulcowe-i-wzmacniajace\/backs-vier-rinden-tee\/","title":{"rendered":"Backs Vier-Rinden-Tee"},"content":{"rendered":"<p>Herbata z kory czterech drzew: wierzby, d\u0119bu, wi\u0105zu i szak\u0142aka (kruszyny) Niestety nie mo\u017cemy w tym miejscu ju\u017c opisywa\u0107 dzia\u0142ania tej herbaty. Zalecamy Jednak podawanie w okresie zimowym, spoczynku. <strong><span class=\"auto-style1\"><br \/>\nSpos\u00f3b u\u017cycia<\/span><\/strong><span class=\"auto-style1\">: 1 y\u017ck sto\u0142ow\u0105 <strong>Backs Vier- Rinden- Tee<\/strong> wsypa\u0107 do 1litra zimnej wody i doprowadzi\u0107 do wrzenia. Nast\u0119pnie odstawi\u0107 i przez pi\u0119\u0107 minut parzy\u0107. Herbat\u0119 ostudzi\u0107 i nie rozcie\u0144czaj\u0105c poda\u0107 go\u0142\u0119biom.<\/span><\/p>\n","protected":false},"excerpt":{"rendered":"<p>Herbata z kory czterech drzew: wierzby, d\u0119bu, wi\u0105zu i szak\u0142aka (kruszyny) Niestety nie mo\u017cemy w tym miejscu ju\u017c opisywa\u0107 dzia\u0142ania tej herbaty. Zalecamy Jednak podawanie w okresie zimowym, spoczynku.<br \/>\nSpos\u00f3b u\u017cycia: 1 y\u017ck sto\u0142ow\u0105 Backs Vier- Rinden- Tee wsypa\u0107 do 1litra zimnej wody i doprowadzi\u0107 do wrzenia. Nast\u0119pnie odstawi\u0107 i przez pi\u0119\u0107 minut parzy\u0107. Herbat\u0119 ostudzi\u0107 i nie rozcie\u0144czaj\u0105c poda\u0107 go\u0142\u0119biom.<\/p>\n<p>400 g<\/p>\n","protected":false},"featured_media":5713,"comment_status":"closed","ping_status":"closed","template":"","meta":[],"product_brand":[],"product_cat":[240,244],"product_tag":[],"class_list":{"0":"post-3873","1":"product","2":"type-product","3":"status-publish","4":"has-post-thumbnail","6":"product_cat-golebie","7":"product_cat-naturalne-produkty-budulcowe-i-wzmacniajace","9":"first","10":"instock","11":"product-type-simple"},"_links":{"self":[{"href":"https:\/\/www.tauben-backs.de\/pl\/wp-json\/wp\/v2\/product\/3873","targetHints":{"allow":["GET"]}}],"collection":[{"href":"https:\/\/www.tauben-backs.de\/pl\/wp-json\/wp\/v2\/product"}],"about":[{"href":"https:\/\/www.tauben-backs.de\/pl\/wp-json\/wp\/v2\/types\/product"}],"replies":[{"embeddable":true,"href":"https:\/\/www.tauben-backs.de\/pl\/wp-json\/wp\/v2\/comments?post=3873"}],"wp:featuredmedia":[{"embeddable":true,"href":"https:\/\/www.tauben-backs.de\/pl\/wp-json\/wp\/v2\/media\/5713"}],"wp:attachment":[{"href":"https:\/\/www.tauben-backs.de\/pl\/wp-json\/wp\/v2\/media?parent=3873"}],"wp:term":[{"taxonomy":"product_brand","embeddable":true,"href":"https:\/\/www.tauben-backs.de\/pl\/wp-json\/wp\/v2\/product_brand?post=3873"},{"taxonomy":"product_cat","embeddable":true,"href":"https:\/\/www.tauben-backs.de\/pl\/wp-json\/wp\/v2\/product_cat?post=3873"},{"taxonomy":"product_tag","embeddable":true,"href":"https:\/\/www.tauben-backs.de\/pl\/wp-json\/wp\/v2\/product_tag?post=3873"}],"curies":[{"name":"wp","href":"https:\/\/api.w.org\/{rel}","templated":true}]}}