{"id":3870,"date":"2017-04-24T00:00:00","date_gmt":"2017-05-03T09:54:33","guid":{"rendered":"http:\/\/backs.ocue.de\/?post_type=product&#038;p=3870\/"},"modified":"2017-06-01T13:13:53","modified_gmt":"2017-06-01T11:13:53","slug":"backs-weidenrindentee-fluessig-herbata-z-kory-wierzby-w-plynie","status":"publish","type":"product","link":"https:\/\/www.tauben-backs.de\/pl\/golebie\/naturalne-produkty-budulcowe-i-wzmacniajace\/backs-weidenrindentee-fluessig-herbata-z-kory-wierzby-w-plynie\/","title":{"rendered":"Backs Weidenrindentee, fl\u00fcssig &#8211; Herbata z kory wierzby w p\u0142ynie"},"content":{"rendered":"<p>Herbata z kory wierzby jako p\u0142ynny koncentrat mo\u017ce by\u0107 aplikowana zar\u00f3wno przez wod\u0119, jak te\u017c przez karm\u0119.<br \/>\n<span class=\"auto-style1\"><strong>Dawkowanie<\/strong>: 20 ml na 1 litr wody lub na 1 kg karmy (25 go\u0142\u0119bi). <\/span><\/p>\n","protected":false},"excerpt":{"rendered":"<p>Herbata z kory wierzby jako p\u0142ynny koncentrat mo\u017ce by\u0107 aplikowana zar\u00f3wno przez wod\u0119, jak te\u017c przez karm\u0119.<br \/>\nDawkowanie: 20 ml na 1 litr wody lub na 1 kg karmy (25 go\u0142\u0119bi).<\/p>\n<p>500 ml<br \/>\n1000 ml<\/p>\n","protected":false},"featured_media":5731,"comment_status":"closed","ping_status":"closed","template":"","meta":[],"product_brand":[],"product_cat":[240,244],"product_tag":[],"class_list":{"0":"post-3870","1":"product","2":"type-product","3":"status-publish","4":"has-post-thumbnail","6":"product_cat-golebie","7":"product_cat-naturalne-produkty-budulcowe-i-wzmacniajace","9":"first","10":"instock","11":"product-type-variable"},"_links":{"self":[{"href":"https:\/\/www.tauben-backs.de\/pl\/wp-json\/wp\/v2\/product\/3870","targetHints":{"allow":["GET"]}}],"collection":[{"href":"https:\/\/www.tauben-backs.de\/pl\/wp-json\/wp\/v2\/product"}],"about":[{"href":"https:\/\/www.tauben-backs.de\/pl\/wp-json\/wp\/v2\/types\/product"}],"replies":[{"embeddable":true,"href":"https:\/\/www.tauben-backs.de\/pl\/wp-json\/wp\/v2\/comments?post=3870"}],"wp:featuredmedia":[{"embeddable":true,"href":"https:\/\/www.tauben-backs.de\/pl\/wp-json\/wp\/v2\/media\/5731"}],"wp:attachment":[{"href":"https:\/\/www.tauben-backs.de\/pl\/wp-json\/wp\/v2\/media?parent=3870"}],"wp:term":[{"taxonomy":"product_brand","embeddable":true,"href":"https:\/\/www.tauben-backs.de\/pl\/wp-json\/wp\/v2\/product_brand?post=3870"},{"taxonomy":"product_cat","embeddable":true,"href":"https:\/\/www.tauben-backs.de\/pl\/wp-json\/wp\/v2\/product_cat?post=3870"},{"taxonomy":"product_tag","embeddable":true,"href":"https:\/\/www.tauben-backs.de\/pl\/wp-json\/wp\/v2\/product_tag?post=3870"}],"curies":[{"name":"wp","href":"https:\/\/api.w.org\/{rel}","templated":true}]}}