{"id":3869,"date":"2017-04-24T00:00:00","date_gmt":"2017-05-03T09:54:02","guid":{"rendered":"http:\/\/backs.ocue.de\/?post_type=product&#038;p=3869\/"},"modified":"2017-06-01T13:12:25","modified_gmt":"2017-06-01T11:12:25","slug":"backs-weidenrindenpulver-proszek-z-kory-wierzbowej","status":"publish","type":"product","link":"https:\/\/www.tauben-backs.de\/pl\/drob-ozdobny\/produkty-budulcowe-i-wzmacniajace-dla-drobiu\/backs-weidenrindenpulver-proszek-z-kory-wierzbowej\/","title":{"rendered":"Backs Weidenrindenpulver \u2013 proszek z kory wierzbowej"},"content":{"rendered":"<p>Ma identyczne, pozytywne dzia\u0142anie jak <strong>Weidenrindentee<\/strong>. Nale\u017cy go jednak podawa\u0107 przez karm\u0119.<br \/>\n<span class=\"auto-style1\"><strong>Dawkowanie<\/strong>: 1 p\u0142aska \u0142y\u017cka na 1 kg karmy. <\/span><\/p>\n","protected":false},"excerpt":{"rendered":"<p>Ma identyczne, pozytywne dzia\u0142anie jak Weidenrindentee. Nale\u017cy go jednak podawa\u0107 przez karm\u0119.<br \/>\nDawkowanie: 1 p\u0142aska \u0142y\u017cka na 1 kg karmy. <\/p>\n<p>200 g<\/p>\n","protected":false},"featured_media":5725,"comment_status":"closed","ping_status":"closed","template":"","meta":[],"product_brand":[],"product_cat":[240,244,248,250],"product_tag":[],"class_list":{"0":"post-3869","1":"product","2":"type-product","3":"status-publish","4":"has-post-thumbnail","6":"product_cat-golebie","7":"product_cat-naturalne-produkty-budulcowe-i-wzmacniajace","8":"product_cat-drob-ozdobny","9":"product_cat-produkty-budulcowe-i-wzmacniajace-dla-drobiu","11":"first","12":"instock","13":"product-type-simple"},"_links":{"self":[{"href":"https:\/\/www.tauben-backs.de\/pl\/wp-json\/wp\/v2\/product\/3869","targetHints":{"allow":["GET"]}}],"collection":[{"href":"https:\/\/www.tauben-backs.de\/pl\/wp-json\/wp\/v2\/product"}],"about":[{"href":"https:\/\/www.tauben-backs.de\/pl\/wp-json\/wp\/v2\/types\/product"}],"replies":[{"embeddable":true,"href":"https:\/\/www.tauben-backs.de\/pl\/wp-json\/wp\/v2\/comments?post=3869"}],"wp:featuredmedia":[{"embeddable":true,"href":"https:\/\/www.tauben-backs.de\/pl\/wp-json\/wp\/v2\/media\/5725"}],"wp:attachment":[{"href":"https:\/\/www.tauben-backs.de\/pl\/wp-json\/wp\/v2\/media?parent=3869"}],"wp:term":[{"taxonomy":"product_brand","embeddable":true,"href":"https:\/\/www.tauben-backs.de\/pl\/wp-json\/wp\/v2\/product_brand?post=3869"},{"taxonomy":"product_cat","embeddable":true,"href":"https:\/\/www.tauben-backs.de\/pl\/wp-json\/wp\/v2\/product_cat?post=3869"},{"taxonomy":"product_tag","embeddable":true,"href":"https:\/\/www.tauben-backs.de\/pl\/wp-json\/wp\/v2\/product_tag?post=3869"}],"curies":[{"name":"wp","href":"https:\/\/api.w.org\/{rel}","templated":true}]}}